{"id":7649,"date":"2022-06-21T16:45:43","date_gmt":"2022-06-21T14:45:43","guid":{"rendered":"https:\/\/wittmunder-teehus.de\/wp-shop\/?post_type=product&#038;p=7649"},"modified":"2026-03-11T12:53:20","modified_gmt":"2026-03-11T11:53:20","slug":"mandarine-ingwer","status":"publish","type":"product","link":"https:\/\/wittmunder-teehus.de\/wp-shop\/produkt\/mandarine-ingwer\/","title":{"rendered":"Fr\u00fcchtetee Mandarine-Ingwer"},"content":{"rendered":"<p>Nat\u00fcrlich aromatisierte Fr\u00fcchteteemischung<br \/>\nZutaten: Apfelst\u00fccke, Hibiscusbl\u00fcten, Hagebuttenschalen, Orangenst\u00fccke, Zitronengras,<br \/>\nIngwerst\u00fccke, nat\u00fcrliches Ingwer- und Zitrusaroma, Mandarinen\u00f6l.<br \/>\n<strong>k<\/strong>lasse.<strong>b<\/strong>estes.<strong>A<\/strong>ngebot<\/p>\n","protected":false},"excerpt":{"rendered":"<p>Nat\u00fcrlich aromatisierte Fr\u00fcchteteemischung Zutaten: Apfelst\u00fccke, Hibiscusbl\u00fcten, Hagebuttenschalen, Orangenst\u00fccke, Zitronengras, Ingwerst\u00fccke, nat\u00fcrliches Ingwer- und Zitrusaroma, Mandarinen\u00f6l. klasse.bestes.Angebot<\/p>\n","protected":false},"featured_media":7658,"comment_status":"closed","ping_status":"closed","template":"","meta":[],"product_brand":[],"product_cat":[50],"product_tag":[],"class_list":{"0":"post-7649","1":"product","2":"type-product","3":"status-publish","4":"has-post-thumbnail","6":"product_cat-fruechtetee","8":"first","9":"instock","10":"taxable","11":"shipping-taxable","12":"purchasable","13":"product-type-variable"},"_links":{"self":[{"href":"https:\/\/wittmunder-teehus.de\/wp-shop\/wp-json\/wp\/v2\/product\/7649","targetHints":{"allow":["GET"]}}],"collection":[{"href":"https:\/\/wittmunder-teehus.de\/wp-shop\/wp-json\/wp\/v2\/product"}],"about":[{"href":"https:\/\/wittmunder-teehus.de\/wp-shop\/wp-json\/wp\/v2\/types\/product"}],"replies":[{"embeddable":true,"href":"https:\/\/wittmunder-teehus.de\/wp-shop\/wp-json\/wp\/v2\/comments?post=7649"}],"wp:featuredmedia":[{"embeddable":true,"href":"https:\/\/wittmunder-teehus.de\/wp-shop\/wp-json\/wp\/v2\/media\/7658"}],"wp:attachment":[{"href":"https:\/\/wittmunder-teehus.de\/wp-shop\/wp-json\/wp\/v2\/media?parent=7649"}],"wp:term":[{"taxonomy":"product_brand","embeddable":true,"href":"https:\/\/wittmunder-teehus.de\/wp-shop\/wp-json\/wp\/v2\/product_brand?post=7649"},{"taxonomy":"product_cat","embeddable":true,"href":"https:\/\/wittmunder-teehus.de\/wp-shop\/wp-json\/wp\/v2\/product_cat?post=7649"},{"taxonomy":"product_tag","embeddable":true,"href":"https:\/\/wittmunder-teehus.de\/wp-shop\/wp-json\/wp\/v2\/product_tag?post=7649"}],"curies":[{"name":"wp","href":"https:\/\/api.w.org\/{rel}","templated":true}]}}