{"id":7633,"date":"2022-06-14T15:07:06","date_gmt":"2022-06-14T13:07:06","guid":{"rendered":"https:\/\/wittmunder-teehus.de\/wp-shop\/?post_type=product&#038;p=7633"},"modified":"2026-03-11T12:53:20","modified_gmt":"2026-03-11T11:53:20","slug":"barfuss-im-sand","status":"publish","type":"product","link":"https:\/\/wittmunder-teehus.de\/wp-shop\/produkt\/barfuss-im-sand\/","title":{"rendered":"Fr\u00fcchtetee Barfu\u00df im Sand"},"content":{"rendered":"<p>Nat\u00fcrlich aromatisierte Fr\u00fcchteteemischung mit Passionsfrucht-Pfirsich-Geschmack.<br \/>\nZutaten: Birnenst\u00fccke, Pfirsichst\u00fccke(Pfirsich,Trennmittel:Reismehl), Zitronenschale, Ananasst\u00fccke(Ananas,Zucker,S\u00e4uerungsmittel:Zitronens\u00e4ure), Hibiscusbl\u00fcten,<br \/>\nnat\u00fcrliches Aroma, Granatapfel-, Saflor-, Ringelblumenbl\u00fcten.<\/p>\n","protected":false},"excerpt":{"rendered":"<p>Nat\u00fcrlich aromatisierte Fr\u00fcchteteemischung mit Passionsfrucht-Pfirsich-Geschmack. Zutaten: Birnenst\u00fccke, Pfirsichst\u00fccke(Pfirsich,Trennmittel:Reismehl), Zitronenschale, Ananasst\u00fccke(Ananas,Zucker,S\u00e4uerungsmittel:Zitronens\u00e4ure), Hibiscusbl\u00fcten, nat\u00fcrliches Aroma, Granatapfel-, Saflor-, Ringelblumenbl\u00fcten.<\/p>\n","protected":false},"featured_media":7655,"comment_status":"closed","ping_status":"closed","template":"","meta":[],"product_brand":[],"product_cat":[50],"product_tag":[],"class_list":{"0":"post-7633","1":"product","2":"type-product","3":"status-publish","4":"has-post-thumbnail","6":"product_cat-fruechtetee","8":"first","9":"instock","10":"taxable","11":"shipping-taxable","12":"purchasable","13":"product-type-variable"},"_links":{"self":[{"href":"https:\/\/wittmunder-teehus.de\/wp-shop\/wp-json\/wp\/v2\/product\/7633","targetHints":{"allow":["GET"]}}],"collection":[{"href":"https:\/\/wittmunder-teehus.de\/wp-shop\/wp-json\/wp\/v2\/product"}],"about":[{"href":"https:\/\/wittmunder-teehus.de\/wp-shop\/wp-json\/wp\/v2\/types\/product"}],"replies":[{"embeddable":true,"href":"https:\/\/wittmunder-teehus.de\/wp-shop\/wp-json\/wp\/v2\/comments?post=7633"}],"wp:featuredmedia":[{"embeddable":true,"href":"https:\/\/wittmunder-teehus.de\/wp-shop\/wp-json\/wp\/v2\/media\/7655"}],"wp:attachment":[{"href":"https:\/\/wittmunder-teehus.de\/wp-shop\/wp-json\/wp\/v2\/media?parent=7633"}],"wp:term":[{"taxonomy":"product_brand","embeddable":true,"href":"https:\/\/wittmunder-teehus.de\/wp-shop\/wp-json\/wp\/v2\/product_brand?post=7633"},{"taxonomy":"product_cat","embeddable":true,"href":"https:\/\/wittmunder-teehus.de\/wp-shop\/wp-json\/wp\/v2\/product_cat?post=7633"},{"taxonomy":"product_tag","embeddable":true,"href":"https:\/\/wittmunder-teehus.de\/wp-shop\/wp-json\/wp\/v2\/product_tag?post=7633"}],"curies":[{"name":"wp","href":"https:\/\/api.w.org\/{rel}","templated":true}]}}