{"id":7617,"date":"2022-05-29T13:49:35","date_gmt":"2022-05-29T11:49:35","guid":{"rendered":"https:\/\/wittmunder-teehus.de\/wp-shop\/?post_type=product&#038;p=7617"},"modified":"2026-03-11T12:53:20","modified_gmt":"2026-03-11T11:53:20","slug":"chimichuri","status":"publish","type":"product","link":"https:\/\/wittmunder-teehus.de\/wp-shop\/produkt\/chimichuri\/","title":{"rendered":"Chimichuri"},"content":{"rendered":"<p>Chimichuri, 100g<br \/>\nZutaten: Suppengew\u00fcrz (Karotten, Pastinaken, Petersilie, Schnittlauch,<br \/>\nSelleriebl\u00e4tter), Meersalz (15%), Zwiebel, Paprikaflocken rot und gr\u00fcn,<br \/>\nRohrzucker, Pfeffer schwarz und wei\u00df, Oregano, Chilischrot<\/p>\n<p>Gew\u00fcrzzubereitung ohne zugesetztes Glutamat<\/p>\n<p>Durchschnittliche N\u00e4hrwerte pro 100g<br \/>\nBrennwerte 1102 kJ \/ 262 kcal<br \/>\nFett 2,82g<br \/>\ndavon ges\u00e4ttigte<br \/>\nFetts\u00e4uren 0,62g<br \/>\nKohlenhydrate 41,42g<br \/>\ndavon Zucker 36,26g<br \/>\nEiwei\u00df 9,44g<br \/>\nSalz 14,82g<\/p>\n","protected":false},"excerpt":{"rendered":"<p>Chimichuri, 100g Zutaten: Suppengew\u00fcrz (Karotten, Pastinaken, Petersilie, Schnittlauch, Selleriebl\u00e4tter), Meersalz (15%), Zwiebel, Paprikaflocken rot und gr\u00fcn, Rohrzucker, Pfeffer schwarz und wei\u00df, Oregano, Chilischrot Gew\u00fcrzzubereitung ohne zugesetztes Glutamat Durchschnittliche N\u00e4hrwerte pro 100g Brennwerte 1102 kJ \/ 262 kcal Fett 2,82g davon ges\u00e4ttigte Fetts\u00e4uren 0,62g Kohlenhydrate 41,42g davon Zucker 36,26g Eiwei\u00df 9,44g Salz 14,82g<\/p>\n","protected":false},"featured_media":7618,"comment_status":"closed","ping_status":"closed","template":"","meta":[],"product_brand":[],"product_cat":[28],"product_tag":[],"class_list":{"0":"post-7617","1":"product","2":"type-product","3":"status-publish","4":"has-post-thumbnail","6":"product_cat-kraeuter-gewuerze-dips-oele","8":"first","9":"instock","10":"taxable","11":"shipping-taxable","12":"purchasable","13":"product-type-simple"},"_links":{"self":[{"href":"https:\/\/wittmunder-teehus.de\/wp-shop\/wp-json\/wp\/v2\/product\/7617","targetHints":{"allow":["GET"]}}],"collection":[{"href":"https:\/\/wittmunder-teehus.de\/wp-shop\/wp-json\/wp\/v2\/product"}],"about":[{"href":"https:\/\/wittmunder-teehus.de\/wp-shop\/wp-json\/wp\/v2\/types\/product"}],"replies":[{"embeddable":true,"href":"https:\/\/wittmunder-teehus.de\/wp-shop\/wp-json\/wp\/v2\/comments?post=7617"}],"wp:featuredmedia":[{"embeddable":true,"href":"https:\/\/wittmunder-teehus.de\/wp-shop\/wp-json\/wp\/v2\/media\/7618"}],"wp:attachment":[{"href":"https:\/\/wittmunder-teehus.de\/wp-shop\/wp-json\/wp\/v2\/media?parent=7617"}],"wp:term":[{"taxonomy":"product_brand","embeddable":true,"href":"https:\/\/wittmunder-teehus.de\/wp-shop\/wp-json\/wp\/v2\/product_brand?post=7617"},{"taxonomy":"product_cat","embeddable":true,"href":"https:\/\/wittmunder-teehus.de\/wp-shop\/wp-json\/wp\/v2\/product_cat?post=7617"},{"taxonomy":"product_tag","embeddable":true,"href":"https:\/\/wittmunder-teehus.de\/wp-shop\/wp-json\/wp\/v2\/product_tag?post=7617"}],"curies":[{"name":"wp","href":"https:\/\/api.w.org\/{rel}","templated":true}]}}