{"id":7589,"date":"2022-05-16T17:09:26","date_gmt":"2022-05-16T15:09:26","guid":{"rendered":"https:\/\/wittmunder-teehus.de\/wp-shop\/?post_type=product&#038;p=7589"},"modified":"2026-03-11T12:53:20","modified_gmt":"2026-03-11T11:53:20","slug":"ostfriesischer-brombeer-karamell-tee","status":"publish","type":"product","link":"https:\/\/wittmunder-teehus.de\/wp-shop\/produkt\/ostfriesischer-brombeer-karamell-tee\/","title":{"rendered":"Ostfriesischer Brombeer-Karamell Tee"},"content":{"rendered":"<p>Nat\u00fcrlich aromatisierte ostfriesische Mischung.<\/p>\n<p>Zutaten: Schwarzer Tee, Orangenschalen, Brombeeren, nat\u00fcrliches Brombeer- und Karamellaroma, Kornblumenbl\u00fcten blau.<br \/>\n<strong>k<\/strong>lasse.<strong>b<\/strong>estes.<strong>A<\/strong>ngebot<\/p>\n","protected":false},"excerpt":{"rendered":"<p>Nat\u00fcrlich aromatisierte ostfriesische Mischung. Zutaten: Schwarzer Tee, Orangenschalen, Brombeeren, nat\u00fcrliches Brombeer- und Karamellaroma, Kornblumenbl\u00fcten blau. klasse.bestes.Angebot<\/p>\n","protected":false},"featured_media":7608,"comment_status":"closed","ping_status":"closed","template":"","meta":[],"product_brand":[],"product_cat":[27,49],"product_tag":[],"class_list":{"0":"post-7589","1":"product","2":"type-product","3":"status-publish","4":"has-post-thumbnail","6":"product_cat-ostfriesische-spezialitaeten","7":"product_cat-ostfriesische-teemischungen","9":"first","10":"instock","11":"taxable","12":"shipping-taxable","13":"purchasable","14":"product-type-variable"},"_links":{"self":[{"href":"https:\/\/wittmunder-teehus.de\/wp-shop\/wp-json\/wp\/v2\/product\/7589","targetHints":{"allow":["GET"]}}],"collection":[{"href":"https:\/\/wittmunder-teehus.de\/wp-shop\/wp-json\/wp\/v2\/product"}],"about":[{"href":"https:\/\/wittmunder-teehus.de\/wp-shop\/wp-json\/wp\/v2\/types\/product"}],"replies":[{"embeddable":true,"href":"https:\/\/wittmunder-teehus.de\/wp-shop\/wp-json\/wp\/v2\/comments?post=7589"}],"wp:featuredmedia":[{"embeddable":true,"href":"https:\/\/wittmunder-teehus.de\/wp-shop\/wp-json\/wp\/v2\/media\/7608"}],"wp:attachment":[{"href":"https:\/\/wittmunder-teehus.de\/wp-shop\/wp-json\/wp\/v2\/media?parent=7589"}],"wp:term":[{"taxonomy":"product_brand","embeddable":true,"href":"https:\/\/wittmunder-teehus.de\/wp-shop\/wp-json\/wp\/v2\/product_brand?post=7589"},{"taxonomy":"product_cat","embeddable":true,"href":"https:\/\/wittmunder-teehus.de\/wp-shop\/wp-json\/wp\/v2\/product_cat?post=7589"},{"taxonomy":"product_tag","embeddable":true,"href":"https:\/\/wittmunder-teehus.de\/wp-shop\/wp-json\/wp\/v2\/product_tag?post=7589"}],"curies":[{"name":"wp","href":"https:\/\/api.w.org\/{rel}","templated":true}]}}