{"id":7070,"date":"2021-05-23T14:54:25","date_gmt":"2021-05-23T12:54:25","guid":{"rendered":"https:\/\/wittmunder-teehus.de\/wp-shop\/?post_type=product&#038;p=7070"},"modified":"2026-04-10T19:55:31","modified_gmt":"2026-04-10T17:55:31","slug":"der-becher-piratin-mona","status":"publish","type":"product","link":"https:\/\/wittmunder-teehus.de\/wp-shop\/produkt\/der-becher-piratin-mona\/","title":{"rendered":"Der Becher Piratin Mona"},"content":{"rendered":"<p>Becher Piratin Mona<br \/>\nMaterial: Porzellan<br \/>\nFarbe: weiss<br \/>\nMotiv: Piratin Mona<br \/>\nFassungsverm\u00f6gen in ml: ca. 340 normale Einf\u00fcllmenge (Herstellerangabe 400ml)<br \/>\nH\u00f6he in mm: ca. 110<br \/>\nDurchmesser in mm: ca. (\u00d6ffnung oben von Rand zu Rand) 98 diagonal gemessen<br \/>\nProduktart \/ Verwendung: Porzellan, Becher, Tee, Kaffee etc.<\/p>\n","protected":false},"excerpt":{"rendered":"<p>Becher Piratin Mona Material: Porzellan Farbe: weiss Motiv: Piratin Mona Fassungsverm\u00f6gen in ml: ca. 340 normale Einf\u00fcllmenge (Herstellerangabe 400ml) H\u00f6he in mm: ca. 110 Durchmesser in mm: ca. (\u00d6ffnung oben von Rand zu Rand) 98 diagonal gemessen Produktart \/ Verwendung: Porzellan, Becher, Tee, Kaffee etc.<\/p>\n","protected":false},"featured_media":7071,"comment_status":"closed","ping_status":"closed","template":"","meta":[],"product_brand":[],"product_cat":[33,32],"product_tag":[],"class_list":{"0":"post-7070","1":"product","2":"type-product","3":"status-publish","4":"has-post-thumbnail","6":"product_cat-becher-und-tassen","7":"product_cat-porzellan","9":"first","10":"instock","11":"taxable","12":"shipping-taxable","13":"purchasable","14":"product-type-simple"},"_links":{"self":[{"href":"https:\/\/wittmunder-teehus.de\/wp-shop\/wp-json\/wp\/v2\/product\/7070","targetHints":{"allow":["GET"]}}],"collection":[{"href":"https:\/\/wittmunder-teehus.de\/wp-shop\/wp-json\/wp\/v2\/product"}],"about":[{"href":"https:\/\/wittmunder-teehus.de\/wp-shop\/wp-json\/wp\/v2\/types\/product"}],"replies":[{"embeddable":true,"href":"https:\/\/wittmunder-teehus.de\/wp-shop\/wp-json\/wp\/v2\/comments?post=7070"}],"wp:featuredmedia":[{"embeddable":true,"href":"https:\/\/wittmunder-teehus.de\/wp-shop\/wp-json\/wp\/v2\/media\/7071"}],"wp:attachment":[{"href":"https:\/\/wittmunder-teehus.de\/wp-shop\/wp-json\/wp\/v2\/media?parent=7070"}],"wp:term":[{"taxonomy":"product_brand","embeddable":true,"href":"https:\/\/wittmunder-teehus.de\/wp-shop\/wp-json\/wp\/v2\/product_brand?post=7070"},{"taxonomy":"product_cat","embeddable":true,"href":"https:\/\/wittmunder-teehus.de\/wp-shop\/wp-json\/wp\/v2\/product_cat?post=7070"},{"taxonomy":"product_tag","embeddable":true,"href":"https:\/\/wittmunder-teehus.de\/wp-shop\/wp-json\/wp\/v2\/product_tag?post=7070"}],"curies":[{"name":"wp","href":"https:\/\/api.w.org\/{rel}","templated":true}]}}