{"id":7060,"date":"2021-05-21T20:01:57","date_gmt":"2021-05-21T18:01:57","guid":{"rendered":"https:\/\/wittmunder-teehus.de\/wp-shop\/?post_type=product&#038;p=7060"},"modified":"2026-03-11T12:53:23","modified_gmt":"2026-03-11T11:53:23","slug":"erdbeere-in-honig","status":"publish","type":"product","link":"https:\/\/wittmunder-teehus.de\/wp-shop\/produkt\/erdbeere-in-honig\/","title":{"rendered":"Erdbeere in Honig"},"content":{"rendered":"<p>Erdbeere in Honig<br \/>\nZutaten: Honig, 3% gefriergetrocknete Erdbeere (gemahlen), nat\u00fcrliches Erdbeer-Aroma.<br \/>\nNettof\u00fcllmenge \t125 g<\/p>\n<p>N\u00e4hrwerte pro 100 g:<br \/>\nEnergie 1.286 kJ\/ 306 kcal<br \/>\nFett 0 g<br \/>\ndavon ges\u00e4ttigte Fetts\u00e4uren 0 g<br \/>\nKohlenhydrate 74 g<br \/>\ndavon Zucker 73 g<br \/>\nEiwei\u00df 0 g<br \/>\nSalz 0 g<\/p>\n","protected":false},"excerpt":{"rendered":"<p>Erdbeere in Honig Zutaten: Honig, 3% gefriergetrocknete Erdbeere (gemahlen), nat\u00fcrliches Erdbeer-Aroma. Nettof\u00fcllmenge 125 g N\u00e4hrwerte pro 100 g: Energie 1.286 kJ\/ 306 kcal Fett 0 g davon ges\u00e4ttigte Fetts\u00e4uren 0 g Kohlenhydrate 74 g davon Zucker 73 g Eiwei\u00df 0 g Salz 0 g<\/p>\n","protected":false},"featured_media":8935,"comment_status":"closed","ping_status":"closed","template":"","meta":[],"product_brand":[],"product_cat":[25],"product_tag":[],"class_list":{"0":"post-7060","1":"product","2":"type-product","3":"status-publish","4":"has-post-thumbnail","6":"product_cat-zuckerhonigsirup","8":"first","9":"instock","10":"taxable","11":"shipping-taxable","12":"purchasable","13":"product-type-simple"},"_links":{"self":[{"href":"https:\/\/wittmunder-teehus.de\/wp-shop\/wp-json\/wp\/v2\/product\/7060","targetHints":{"allow":["GET"]}}],"collection":[{"href":"https:\/\/wittmunder-teehus.de\/wp-shop\/wp-json\/wp\/v2\/product"}],"about":[{"href":"https:\/\/wittmunder-teehus.de\/wp-shop\/wp-json\/wp\/v2\/types\/product"}],"replies":[{"embeddable":true,"href":"https:\/\/wittmunder-teehus.de\/wp-shop\/wp-json\/wp\/v2\/comments?post=7060"}],"wp:featuredmedia":[{"embeddable":true,"href":"https:\/\/wittmunder-teehus.de\/wp-shop\/wp-json\/wp\/v2\/media\/8935"}],"wp:attachment":[{"href":"https:\/\/wittmunder-teehus.de\/wp-shop\/wp-json\/wp\/v2\/media?parent=7060"}],"wp:term":[{"taxonomy":"product_brand","embeddable":true,"href":"https:\/\/wittmunder-teehus.de\/wp-shop\/wp-json\/wp\/v2\/product_brand?post=7060"},{"taxonomy":"product_cat","embeddable":true,"href":"https:\/\/wittmunder-teehus.de\/wp-shop\/wp-json\/wp\/v2\/product_cat?post=7060"},{"taxonomy":"product_tag","embeddable":true,"href":"https:\/\/wittmunder-teehus.de\/wp-shop\/wp-json\/wp\/v2\/product_tag?post=7060"}],"curies":[{"name":"wp","href":"https:\/\/api.w.org\/{rel}","templated":true}]}}