{"id":681,"date":"2015-12-04T15:28:33","date_gmt":"2015-12-04T14:28:33","guid":{"rendered":"http:\/\/wittmunder-teehus.de.w0135315.kasserver.com\/wp-shop\/?post_type=product&#038;p=681"},"modified":"2026-03-11T12:58:28","modified_gmt":"2026-03-11T11:58:28","slug":"lebkuchenhaeuschen","status":"publish","type":"product","link":"https:\/\/wittmunder-teehus.de\/wp-shop\/produkt\/lebkuchenhaeuschen\/","title":{"rendered":"Rooibos Tee Lebkuchenh\u00e4uschen"},"content":{"rendered":"<p>Aromatisierter Rotbuschtee mit einer geschmacklich besonderen Kombination aus Lebkuchen und Frucht.<br \/>\nZutaten: Rooibostee, Zimtst\u00fccke, Zitronenschalen, <strong>Mandel<\/strong>st\u00fccke, Aroma, Holunderbl\u00fcten,<br \/>\nrote Johannisbeeren, Lebkuchengew\u00fcrz (Zimt, Anis, Koriander, Fenchel, Ingwer, Muskat, Nelken, Sternanis), Kornblumenbl\u00fcten blau.<\/p>\n","protected":false},"excerpt":{"rendered":"<p>Aromatisierter Rotbuschtee mit einer geschmacklich besonderen Kombination aus Lebkuchen und Frucht. Zutaten: Rooibostee, Zimtst\u00fccke, Zitronenschalen, Mandelst\u00fccke, Aroma, Holunderbl\u00fcten, rote Johannisbeeren, Lebkuchengew\u00fcrz (Zimt, Anis, Koriander, Fenchel, Ingwer, Muskat, Nelken, Sternanis), Kornblumenbl\u00fcten blau.<\/p>\n","protected":false},"featured_media":5872,"comment_status":"closed","ping_status":"closed","template":"","meta":[],"product_brand":[],"product_cat":[52,139],"product_tag":[],"class_list":{"0":"post-681","1":"product","2":"type-product","3":"status-publish","4":"has-post-thumbnail","6":"product_cat-rooibos-tee","7":"product_cat-weihnachten","9":"first","10":"instock","11":"taxable","12":"shipping-taxable","13":"purchasable","14":"product-type-variable"},"_links":{"self":[{"href":"https:\/\/wittmunder-teehus.de\/wp-shop\/wp-json\/wp\/v2\/product\/681","targetHints":{"allow":["GET"]}}],"collection":[{"href":"https:\/\/wittmunder-teehus.de\/wp-shop\/wp-json\/wp\/v2\/product"}],"about":[{"href":"https:\/\/wittmunder-teehus.de\/wp-shop\/wp-json\/wp\/v2\/types\/product"}],"replies":[{"embeddable":true,"href":"https:\/\/wittmunder-teehus.de\/wp-shop\/wp-json\/wp\/v2\/comments?post=681"}],"wp:featuredmedia":[{"embeddable":true,"href":"https:\/\/wittmunder-teehus.de\/wp-shop\/wp-json\/wp\/v2\/media\/5872"}],"wp:attachment":[{"href":"https:\/\/wittmunder-teehus.de\/wp-shop\/wp-json\/wp\/v2\/media?parent=681"}],"wp:term":[{"taxonomy":"product_brand","embeddable":true,"href":"https:\/\/wittmunder-teehus.de\/wp-shop\/wp-json\/wp\/v2\/product_brand?post=681"},{"taxonomy":"product_cat","embeddable":true,"href":"https:\/\/wittmunder-teehus.de\/wp-shop\/wp-json\/wp\/v2\/product_cat?post=681"},{"taxonomy":"product_tag","embeddable":true,"href":"https:\/\/wittmunder-teehus.de\/wp-shop\/wp-json\/wp\/v2\/product_tag?post=681"}],"curies":[{"name":"wp","href":"https:\/\/api.w.org\/{rel}","templated":true}]}}