{"id":6658,"date":"2020-12-08T19:28:58","date_gmt":"2020-12-08T18:28:58","guid":{"rendered":"https:\/\/wittmunder-teehus.de\/wp-shop\/?post_type=product&#038;p=6658"},"modified":"2026-03-11T12:53:26","modified_gmt":"2026-03-11T11:53:26","slug":"glas-ruehrstaebchen-gross","status":"publish","type":"product","link":"https:\/\/wittmunder-teehus.de\/wp-shop\/produkt\/glas-ruehrstaebchen-gross\/","title":{"rendered":"Glas-R\u00fchrst\u00e4bchen gro\u00df"},"content":{"rendered":"<p>Glas-R\u00fchrst\u00e4bchen gro\u00df<br \/>\nf\u00fcr Grog-, Tee-<br \/>\noder Gl\u00fchweingl\u00e4ser.<br \/>\nca. 18cm lang<\/p>\n","protected":false},"excerpt":{"rendered":"<p>Glas-R\u00fchrst\u00e4bchen gro\u00df f\u00fcr Grog-, Tee- oder Gl\u00fchweingl\u00e4ser. ca. 18cm lang<\/p>\n","protected":false},"featured_media":6659,"comment_status":"closed","ping_status":"closed","template":"","meta":[],"product_brand":[],"product_cat":[24],"product_tag":[],"class_list":{"0":"post-6658","1":"product","2":"type-product","3":"status-publish","4":"has-post-thumbnail","6":"product_cat-teezubehoer","8":"first","9":"instock","10":"taxable","11":"shipping-taxable","12":"purchasable","13":"product-type-simple"},"_links":{"self":[{"href":"https:\/\/wittmunder-teehus.de\/wp-shop\/wp-json\/wp\/v2\/product\/6658","targetHints":{"allow":["GET"]}}],"collection":[{"href":"https:\/\/wittmunder-teehus.de\/wp-shop\/wp-json\/wp\/v2\/product"}],"about":[{"href":"https:\/\/wittmunder-teehus.de\/wp-shop\/wp-json\/wp\/v2\/types\/product"}],"replies":[{"embeddable":true,"href":"https:\/\/wittmunder-teehus.de\/wp-shop\/wp-json\/wp\/v2\/comments?post=6658"}],"wp:featuredmedia":[{"embeddable":true,"href":"https:\/\/wittmunder-teehus.de\/wp-shop\/wp-json\/wp\/v2\/media\/6659"}],"wp:attachment":[{"href":"https:\/\/wittmunder-teehus.de\/wp-shop\/wp-json\/wp\/v2\/media?parent=6658"}],"wp:term":[{"taxonomy":"product_brand","embeddable":true,"href":"https:\/\/wittmunder-teehus.de\/wp-shop\/wp-json\/wp\/v2\/product_brand?post=6658"},{"taxonomy":"product_cat","embeddable":true,"href":"https:\/\/wittmunder-teehus.de\/wp-shop\/wp-json\/wp\/v2\/product_cat?post=6658"},{"taxonomy":"product_tag","embeddable":true,"href":"https:\/\/wittmunder-teehus.de\/wp-shop\/wp-json\/wp\/v2\/product_tag?post=6658"}],"curies":[{"name":"wp","href":"https:\/\/api.w.org\/{rel}","templated":true}]}}