{"id":658,"date":"2015-12-04T14:56:27","date_gmt":"2015-12-04T13:56:27","guid":{"rendered":"http:\/\/wittmunder-teehus.de.w0135315.kasserver.com\/wp-shop\/?post_type=product&#038;p=658"},"modified":"2026-03-11T12:58:29","modified_gmt":"2026-03-11T11:58:29","slug":"fruechtetee-eiskoenigin","status":"publish","type":"product","link":"https:\/\/wittmunder-teehus.de\/wp-shop\/produkt\/fruechtetee-eiskoenigin\/","title":{"rendered":"Fr\u00fcchtetee Eisk\u00f6nigin"},"content":{"rendered":"<p>Aromatisierte Fr\u00fcchteteemischung mit fruchtigem Vanille-, Marzipan-, Zimtgeschmack<br \/>\nZutaten: Hibiscusbl\u00fcten, Hagebuttenschalen, Apfelst\u00fccke, Orangen-, Zitronenschale, Kokosraspel, <strong>Mandel<\/strong>-, Ananasst\u00fccke (Ananas, Zucker, S\u00e4uerungsmittel: Zitronens\u00e4ure), Aroma, Kornblumenbl\u00fcten<\/p>\n","protected":false},"excerpt":{"rendered":"<p>Aromatisierte Fr\u00fcchteteemischung mit fruchtigem Vanille-, Marzipan-, Zimtgeschmack Zutaten: Hibiscusbl\u00fcten, Hagebuttenschalen, Apfelst\u00fccke, Orangen-, Zitronenschale, Kokosraspel, Mandel-, Ananasst\u00fccke (Ananas, Zucker, S\u00e4uerungsmittel: Zitronens\u00e4ure), Aroma, Kornblumenbl\u00fcten<\/p>\n","protected":false},"featured_media":663,"comment_status":"closed","ping_status":"closed","template":"","meta":[],"product_brand":[],"product_cat":[50,139],"product_tag":[],"class_list":{"0":"post-658","1":"product","2":"type-product","3":"status-publish","4":"has-post-thumbnail","6":"product_cat-fruechtetee","7":"product_cat-weihnachten","9":"first","10":"instock","11":"taxable","12":"shipping-taxable","13":"purchasable","14":"product-type-variable"},"_links":{"self":[{"href":"https:\/\/wittmunder-teehus.de\/wp-shop\/wp-json\/wp\/v2\/product\/658","targetHints":{"allow":["GET"]}}],"collection":[{"href":"https:\/\/wittmunder-teehus.de\/wp-shop\/wp-json\/wp\/v2\/product"}],"about":[{"href":"https:\/\/wittmunder-teehus.de\/wp-shop\/wp-json\/wp\/v2\/types\/product"}],"replies":[{"embeddable":true,"href":"https:\/\/wittmunder-teehus.de\/wp-shop\/wp-json\/wp\/v2\/comments?post=658"}],"wp:featuredmedia":[{"embeddable":true,"href":"https:\/\/wittmunder-teehus.de\/wp-shop\/wp-json\/wp\/v2\/media\/663"}],"wp:attachment":[{"href":"https:\/\/wittmunder-teehus.de\/wp-shop\/wp-json\/wp\/v2\/media?parent=658"}],"wp:term":[{"taxonomy":"product_brand","embeddable":true,"href":"https:\/\/wittmunder-teehus.de\/wp-shop\/wp-json\/wp\/v2\/product_brand?post=658"},{"taxonomy":"product_cat","embeddable":true,"href":"https:\/\/wittmunder-teehus.de\/wp-shop\/wp-json\/wp\/v2\/product_cat?post=658"},{"taxonomy":"product_tag","embeddable":true,"href":"https:\/\/wittmunder-teehus.de\/wp-shop\/wp-json\/wp\/v2\/product_tag?post=658"}],"curies":[{"name":"wp","href":"https:\/\/api.w.org\/{rel}","templated":true}]}}