{"id":6567,"date":"2020-11-04T16:13:34","date_gmt":"2020-11-04T15:13:34","guid":{"rendered":"https:\/\/wittmunder-teehus.de\/wp-shop\/?post_type=product&#038;p=6567"},"modified":"2026-03-11T12:53:26","modified_gmt":"2026-03-11T11:53:26","slug":"zitronen-bonbons-zuckerfrei","status":"publish","type":"product","link":"https:\/\/wittmunder-teehus.de\/wp-shop\/produkt\/zitronen-bonbons-zuckerfrei\/","title":{"rendered":"Zitronen Bonbons Zuckerfrei"},"content":{"rendered":"<p>Zitronen Bonbons Zuckerfrei<br \/>\nZutaten: Isomalt, S\u00e4uerungsmittel Apfels\u00e4ure, Zitronen\u00f6l,<br \/>\nnat\u00fcrliches Curcuma Aroma, S\u00fc\u00dfstoff:Acesulfam K.<\/p>\n<p>Im Durchschnitt je 100g:<br \/>\nEnergie 980kJ(240kcal), Fett 0g(davon ges\u00e4ttigte Fetts\u00e4uren 0g,<br \/>\nKohlenhydrate 61g(davon Zucker 0g), Eiwei\u00df 0g, Salz 0g<\/p>\n","protected":false},"excerpt":{"rendered":"<p>Zitronen Bonbons Zuckerfrei Zutaten: Isomalt, S\u00e4uerungsmittel Apfels\u00e4ure, Zitronen\u00f6l, nat\u00fcrliches Curcuma Aroma, S\u00fc\u00dfstoff:Acesulfam K. Im Durchschnitt je 100g: Energie 980kJ(240kcal), Fett 0g(davon ges\u00e4ttigte Fetts\u00e4uren 0g, Kohlenhydrate 61g(davon Zucker 0g), Eiwei\u00df 0g, Salz 0g<\/p>\n","protected":false},"featured_media":6566,"comment_status":"closed","ping_status":"closed","template":"","meta":[],"product_brand":[],"product_cat":[76],"product_tag":[],"class_list":{"0":"post-6567","1":"product","2":"type-product","3":"status-publish","4":"has-post-thumbnail","6":"product_cat-bonbons-kekse-schokolade","8":"first","9":"instock","10":"taxable","11":"shipping-taxable","12":"purchasable","13":"product-type-simple"},"_links":{"self":[{"href":"https:\/\/wittmunder-teehus.de\/wp-shop\/wp-json\/wp\/v2\/product\/6567","targetHints":{"allow":["GET"]}}],"collection":[{"href":"https:\/\/wittmunder-teehus.de\/wp-shop\/wp-json\/wp\/v2\/product"}],"about":[{"href":"https:\/\/wittmunder-teehus.de\/wp-shop\/wp-json\/wp\/v2\/types\/product"}],"replies":[{"embeddable":true,"href":"https:\/\/wittmunder-teehus.de\/wp-shop\/wp-json\/wp\/v2\/comments?post=6567"}],"wp:featuredmedia":[{"embeddable":true,"href":"https:\/\/wittmunder-teehus.de\/wp-shop\/wp-json\/wp\/v2\/media\/6566"}],"wp:attachment":[{"href":"https:\/\/wittmunder-teehus.de\/wp-shop\/wp-json\/wp\/v2\/media?parent=6567"}],"wp:term":[{"taxonomy":"product_brand","embeddable":true,"href":"https:\/\/wittmunder-teehus.de\/wp-shop\/wp-json\/wp\/v2\/product_brand?post=6567"},{"taxonomy":"product_cat","embeddable":true,"href":"https:\/\/wittmunder-teehus.de\/wp-shop\/wp-json\/wp\/v2\/product_cat?post=6567"},{"taxonomy":"product_tag","embeddable":true,"href":"https:\/\/wittmunder-teehus.de\/wp-shop\/wp-json\/wp\/v2\/product_tag?post=6567"}],"curies":[{"name":"wp","href":"https:\/\/api.w.org\/{rel}","templated":true}]}}