{"id":6564,"date":"2020-11-04T16:06:21","date_gmt":"2020-11-04T15:06:21","guid":{"rendered":"https:\/\/wittmunder-teehus.de\/wp-shop\/?post_type=product&#038;p=6564"},"modified":"2026-03-11T12:53:26","modified_gmt":"2026-03-11T11:53:26","slug":"sanddorn-bonbons-zuckerfrei","status":"publish","type":"product","link":"https:\/\/wittmunder-teehus.de\/wp-shop\/produkt\/sanddorn-bonbons-zuckerfrei\/","title":{"rendered":"Sanddorn Bonbons Zuckerfrei"},"content":{"rendered":"<p>Sanddorn Bonbons Zuckerfrei<br \/>\nZutaten: Isomalt, S\u00e4uerungsmittel Apfels\u00e4ure, Aroma,<br \/>\nFarbstoff: nat\u00fcrliches Paprika Aroma, S\u00fc\u00dfstoff:Acesulfam K.<\/p>\n<p>Im Durchschnitt je 100g:<br \/>\nEnergie 980kJ(240kcal), Fett 0g(davon ges\u00e4ttigte Fetts\u00e4uren 0g,<br \/>\nKohlenhydrate 61g(davon Zucker 0g), Eiwei\u00df 0g, Salz 0g<\/p>\n","protected":false},"excerpt":{"rendered":"<p>Sanddorn Bonbons Zuckerfrei Zutaten: Isomalt, S\u00e4uerungsmittel Apfels\u00e4ure, Aroma, Farbstoff: nat\u00fcrliches Paprika Aroma, S\u00fc\u00dfstoff:Acesulfam K. Im Durchschnitt je 100g: Energie 980kJ(240kcal), Fett 0g(davon ges\u00e4ttigte Fetts\u00e4uren 0g, Kohlenhydrate 61g(davon Zucker 0g), Eiwei\u00df 0g, Salz 0g<\/p>\n","protected":false},"featured_media":6565,"comment_status":"closed","ping_status":"closed","template":"","meta":[],"product_brand":[],"product_cat":[76],"product_tag":[],"class_list":{"0":"post-6564","1":"product","2":"type-product","3":"status-publish","4":"has-post-thumbnail","6":"product_cat-bonbons-kekse-schokolade","8":"first","9":"instock","10":"taxable","11":"shipping-taxable","12":"purchasable","13":"product-type-simple"},"_links":{"self":[{"href":"https:\/\/wittmunder-teehus.de\/wp-shop\/wp-json\/wp\/v2\/product\/6564","targetHints":{"allow":["GET"]}}],"collection":[{"href":"https:\/\/wittmunder-teehus.de\/wp-shop\/wp-json\/wp\/v2\/product"}],"about":[{"href":"https:\/\/wittmunder-teehus.de\/wp-shop\/wp-json\/wp\/v2\/types\/product"}],"replies":[{"embeddable":true,"href":"https:\/\/wittmunder-teehus.de\/wp-shop\/wp-json\/wp\/v2\/comments?post=6564"}],"wp:featuredmedia":[{"embeddable":true,"href":"https:\/\/wittmunder-teehus.de\/wp-shop\/wp-json\/wp\/v2\/media\/6565"}],"wp:attachment":[{"href":"https:\/\/wittmunder-teehus.de\/wp-shop\/wp-json\/wp\/v2\/media?parent=6564"}],"wp:term":[{"taxonomy":"product_brand","embeddable":true,"href":"https:\/\/wittmunder-teehus.de\/wp-shop\/wp-json\/wp\/v2\/product_brand?post=6564"},{"taxonomy":"product_cat","embeddable":true,"href":"https:\/\/wittmunder-teehus.de\/wp-shop\/wp-json\/wp\/v2\/product_cat?post=6564"},{"taxonomy":"product_tag","embeddable":true,"href":"https:\/\/wittmunder-teehus.de\/wp-shop\/wp-json\/wp\/v2\/product_tag?post=6564"}],"curies":[{"name":"wp","href":"https:\/\/api.w.org\/{rel}","templated":true}]}}