{"id":6467,"date":"2020-08-14T20:45:51","date_gmt":"2020-08-14T18:45:51","guid":{"rendered":"https:\/\/wittmunder-teehus.de\/wp-shop\/?post_type=product&#038;p=6467"},"modified":"2026-03-11T12:54:54","modified_gmt":"2026-03-11T11:54:54","slug":"der-becher-ringelblume","status":"publish","type":"product","link":"https:\/\/wittmunder-teehus.de\/wp-shop\/produkt\/der-becher-ringelblume\/","title":{"rendered":"Der Becher Ringelblume"},"content":{"rendered":"<p>Der Becher Ringelblume<br \/>\nMaterial: Porzellan<br \/>\nFarbe: weiss<br \/>\nMotiv: M\u00fchle<br \/>\nFassungsverm\u00f6gen in ml: ca. 340 normale Einf\u00fcllmenge (Herstellerangabe 400ml)<br \/>\nH\u00f6he in mm: ca. 110<br \/>\nDurchmesser in mm: ca. (\u00d6ffnung oben von Rand zu Rand) 98 diagonal gemessen<br \/>\nProduktart \/ Verwendung: Porzellan, Becher, Tee, Kaffee etc.<\/p>\n","protected":false},"excerpt":{"rendered":"<p>Der Becher Ringelblume Material: Porzellan Farbe: weiss Motiv: M\u00fchle Fassungsverm\u00f6gen in ml: ca. 340 normale Einf\u00fcllmenge (Herstellerangabe 400ml) H\u00f6he in mm: ca. 110 Durchmesser in mm: ca. (\u00d6ffnung oben von Rand zu Rand) 98 diagonal gemessen Produktart \/ Verwendung: Porzellan, Becher, Tee, Kaffee etc.<\/p>\n","protected":false},"featured_media":6468,"comment_status":"closed","ping_status":"closed","template":"","meta":[],"product_brand":[],"product_cat":[33,32],"product_tag":[],"class_list":{"0":"post-6467","1":"product","2":"type-product","3":"status-publish","4":"has-post-thumbnail","6":"product_cat-becher-und-tassen","7":"product_cat-porzellan","9":"first","10":"instock","11":"taxable","12":"shipping-taxable","13":"purchasable","14":"product-type-simple"},"_links":{"self":[{"href":"https:\/\/wittmunder-teehus.de\/wp-shop\/wp-json\/wp\/v2\/product\/6467","targetHints":{"allow":["GET"]}}],"collection":[{"href":"https:\/\/wittmunder-teehus.de\/wp-shop\/wp-json\/wp\/v2\/product"}],"about":[{"href":"https:\/\/wittmunder-teehus.de\/wp-shop\/wp-json\/wp\/v2\/types\/product"}],"replies":[{"embeddable":true,"href":"https:\/\/wittmunder-teehus.de\/wp-shop\/wp-json\/wp\/v2\/comments?post=6467"}],"wp:featuredmedia":[{"embeddable":true,"href":"https:\/\/wittmunder-teehus.de\/wp-shop\/wp-json\/wp\/v2\/media\/6468"}],"wp:attachment":[{"href":"https:\/\/wittmunder-teehus.de\/wp-shop\/wp-json\/wp\/v2\/media?parent=6467"}],"wp:term":[{"taxonomy":"product_brand","embeddable":true,"href":"https:\/\/wittmunder-teehus.de\/wp-shop\/wp-json\/wp\/v2\/product_brand?post=6467"},{"taxonomy":"product_cat","embeddable":true,"href":"https:\/\/wittmunder-teehus.de\/wp-shop\/wp-json\/wp\/v2\/product_cat?post=6467"},{"taxonomy":"product_tag","embeddable":true,"href":"https:\/\/wittmunder-teehus.de\/wp-shop\/wp-json\/wp\/v2\/product_tag?post=6467"}],"curies":[{"name":"wp","href":"https:\/\/api.w.org\/{rel}","templated":true}]}}