{"id":6380,"date":"2020-07-14T17:41:46","date_gmt":"2020-07-14T15:41:46","guid":{"rendered":"https:\/\/wittmunder-teehus.de\/wp-shop\/?post_type=product&#038;p=6380"},"modified":"2026-03-11T12:54:55","modified_gmt":"2026-03-11T11:54:55","slug":"ostfriesische-zufriedenheit","status":"publish","type":"product","link":"https:\/\/wittmunder-teehus.de\/wp-shop\/produkt\/ostfriesische-zufriedenheit\/","title":{"rendered":"Kr\u00e4utertee Ostfriesische Zufriedenheit"},"content":{"rendered":"<p>Ostfriesische Zufriedenheit<br \/>\nNat\u00fcrlich aromatisierte Kr\u00e4uter-\/Fr\u00fcchteteemischung mit fruchtiger Zitrusnote.<br \/>\nZutaten: Apfelst\u00fccke, Cranberryst\u00fccke, Kornblumenbl\u00fcten rot, Papayast\u00fccke(Papaya,Zucker), Ananasst\u00fccke(Ananas,Zucker,S\u00e4uerungsmittel:Zitronens\u00e4ure), Mangost\u00fccke(Mango,Zucker,S\u00e4uerungsmittel:Zitronens\u00e4ure),<br \/>\nHimbeerbl\u00e4tter, Orangenbl\u00e4tter, Malvenbl\u00fcten blau,<br \/>\nKornblumenbl\u00fcten blau, nat\u00fcrliches Aroma.<\/p>\n","protected":false},"excerpt":{"rendered":"<p>Ostfriesische Zufriedenheit Nat\u00fcrlich aromatisierte Kr\u00e4uter-\/Fr\u00fcchteteemischung mit fruchtiger Zitrusnote. Zutaten: Apfelst\u00fccke, Cranberryst\u00fccke, Kornblumenbl\u00fcten rot, Papayast\u00fccke(Papaya,Zucker), Ananasst\u00fccke(Ananas,Zucker,S\u00e4uerungsmittel:Zitronens\u00e4ure), Mangost\u00fccke(Mango,Zucker,S\u00e4uerungsmittel:Zitronens\u00e4ure), Himbeerbl\u00e4tter, Orangenbl\u00e4tter, Malvenbl\u00fcten blau, Kornblumenbl\u00fcten blau, nat\u00fcrliches Aroma.<\/p>\n","protected":false},"featured_media":6415,"comment_status":"closed","ping_status":"closed","template":"","meta":[],"product_brand":[],"product_cat":[17],"product_tag":[],"class_list":{"0":"post-6380","1":"product","2":"type-product","3":"status-publish","4":"has-post-thumbnail","6":"product_cat-teeliste","8":"first","9":"instock","10":"taxable","11":"shipping-taxable","12":"purchasable","13":"product-type-variable"},"_links":{"self":[{"href":"https:\/\/wittmunder-teehus.de\/wp-shop\/wp-json\/wp\/v2\/product\/6380","targetHints":{"allow":["GET"]}}],"collection":[{"href":"https:\/\/wittmunder-teehus.de\/wp-shop\/wp-json\/wp\/v2\/product"}],"about":[{"href":"https:\/\/wittmunder-teehus.de\/wp-shop\/wp-json\/wp\/v2\/types\/product"}],"replies":[{"embeddable":true,"href":"https:\/\/wittmunder-teehus.de\/wp-shop\/wp-json\/wp\/v2\/comments?post=6380"}],"wp:featuredmedia":[{"embeddable":true,"href":"https:\/\/wittmunder-teehus.de\/wp-shop\/wp-json\/wp\/v2\/media\/6415"}],"wp:attachment":[{"href":"https:\/\/wittmunder-teehus.de\/wp-shop\/wp-json\/wp\/v2\/media?parent=6380"}],"wp:term":[{"taxonomy":"product_brand","embeddable":true,"href":"https:\/\/wittmunder-teehus.de\/wp-shop\/wp-json\/wp\/v2\/product_brand?post=6380"},{"taxonomy":"product_cat","embeddable":true,"href":"https:\/\/wittmunder-teehus.de\/wp-shop\/wp-json\/wp\/v2\/product_cat?post=6380"},{"taxonomy":"product_tag","embeddable":true,"href":"https:\/\/wittmunder-teehus.de\/wp-shop\/wp-json\/wp\/v2\/product_tag?post=6380"}],"curies":[{"name":"wp","href":"https:\/\/api.w.org\/{rel}","templated":true}]}}