{"id":6355,"date":"2020-06-28T18:43:43","date_gmt":"2020-06-28T16:43:43","guid":{"rendered":"https:\/\/wittmunder-teehus.de\/wp-shop\/?post_type=product&#038;p=6355"},"modified":"2026-03-11T12:54:55","modified_gmt":"2026-03-11T11:54:55","slug":"dunoon-kuchen-fruehstuecksteller-warm-hearts","status":"publish","type":"product","link":"https:\/\/wittmunder-teehus.de\/wp-shop\/produkt\/dunoon-kuchen-fruehstuecksteller-warm-hearts\/","title":{"rendered":"Dunoon Kuchen\/Fr\u00fchst\u00fccksteller Warm Hearts"},"content":{"rendered":"<p>Dunoon Kuchen\/Fr\u00fchst\u00fccksteller Warm Hearts<br \/>\nMaterial: Fine Bone China<br \/>\nDurchmesser ca. 22cm<br \/>\nSp\u00fclmaschinengeeignet<\/p>\n","protected":false},"excerpt":{"rendered":"<p>Dunoon Kuchen\/Fr\u00fchst\u00fccksteller Warm Hearts Material: Fine Bone China Durchmesser ca. 22cm Sp\u00fclmaschinengeeignet<\/p>\n","protected":false},"featured_media":6356,"comment_status":"closed","ping_status":"closed","template":"","meta":[],"product_brand":[],"product_cat":[32],"product_tag":[],"class_list":{"0":"post-6355","1":"product","2":"type-product","3":"status-publish","4":"has-post-thumbnail","6":"product_cat-porzellan","8":"first","9":"instock","10":"taxable","11":"shipping-taxable","12":"purchasable","13":"product-type-simple"},"_links":{"self":[{"href":"https:\/\/wittmunder-teehus.de\/wp-shop\/wp-json\/wp\/v2\/product\/6355","targetHints":{"allow":["GET"]}}],"collection":[{"href":"https:\/\/wittmunder-teehus.de\/wp-shop\/wp-json\/wp\/v2\/product"}],"about":[{"href":"https:\/\/wittmunder-teehus.de\/wp-shop\/wp-json\/wp\/v2\/types\/product"}],"replies":[{"embeddable":true,"href":"https:\/\/wittmunder-teehus.de\/wp-shop\/wp-json\/wp\/v2\/comments?post=6355"}],"wp:featuredmedia":[{"embeddable":true,"href":"https:\/\/wittmunder-teehus.de\/wp-shop\/wp-json\/wp\/v2\/media\/6356"}],"wp:attachment":[{"href":"https:\/\/wittmunder-teehus.de\/wp-shop\/wp-json\/wp\/v2\/media?parent=6355"}],"wp:term":[{"taxonomy":"product_brand","embeddable":true,"href":"https:\/\/wittmunder-teehus.de\/wp-shop\/wp-json\/wp\/v2\/product_brand?post=6355"},{"taxonomy":"product_cat","embeddable":true,"href":"https:\/\/wittmunder-teehus.de\/wp-shop\/wp-json\/wp\/v2\/product_cat?post=6355"},{"taxonomy":"product_tag","embeddable":true,"href":"https:\/\/wittmunder-teehus.de\/wp-shop\/wp-json\/wp\/v2\/product_tag?post=6355"}],"curies":[{"name":"wp","href":"https:\/\/api.w.org\/{rel}","templated":true}]}}