{"id":6326,"date":"2020-06-09T14:42:04","date_gmt":"2020-06-09T12:42:04","guid":{"rendered":"https:\/\/wittmunder-teehus.de\/wp-shop\/?post_type=product&#038;p=6326"},"modified":"2026-03-11T12:54:56","modified_gmt":"2026-03-11T11:54:56","slug":"griechischer-bergtee","status":"publish","type":"product","link":"https:\/\/wittmunder-teehus.de\/wp-shop\/produkt\/griechischer-bergtee\/","title":{"rendered":"Griechischer Bergtee"},"content":{"rendered":"<p>Griechischer Bergtee, 50g<br \/>\nAnwendungsbeisp.: entz\u00fcndungshemmend, verbessert das Ged\u00e4chtnis bei Alzheimer<br \/>\nregeneriert die Magen- und Darmschleimhaut, senkt Bluthochdruck<br \/>\nwirkt antioxidativ, krebshemmend, st\u00e4rkt das Immunsystem,<br \/>\nist schleiml\u00f6send bei Erk\u00e4ltungskrankheiten&#8230;<\/p>\n","protected":false},"excerpt":{"rendered":"<p>Griechischer Bergtee, 50g Anwendungsbeisp.: entz\u00fcndungshemmend, verbessert das Ged\u00e4chtnis bei Alzheimer regeneriert die Magen- und Darmschleimhaut, senkt Bluthochdruck wirkt antioxidativ, krebshemmend, st\u00e4rkt das Immunsystem, ist schleiml\u00f6send bei Erk\u00e4ltungskrankheiten&#8230;<\/p>\n","protected":false},"featured_media":6327,"comment_status":"closed","ping_status":"closed","template":"","meta":[],"product_brand":[],"product_cat":[54],"product_tag":[],"class_list":{"0":"post-6326","1":"product","2":"type-product","3":"status-publish","4":"has-post-thumbnail","6":"product_cat-heil-und-wildkraeuter","8":"first","9":"instock","10":"taxable","11":"shipping-taxable","12":"purchasable","13":"product-type-simple"},"_links":{"self":[{"href":"https:\/\/wittmunder-teehus.de\/wp-shop\/wp-json\/wp\/v2\/product\/6326","targetHints":{"allow":["GET"]}}],"collection":[{"href":"https:\/\/wittmunder-teehus.de\/wp-shop\/wp-json\/wp\/v2\/product"}],"about":[{"href":"https:\/\/wittmunder-teehus.de\/wp-shop\/wp-json\/wp\/v2\/types\/product"}],"replies":[{"embeddable":true,"href":"https:\/\/wittmunder-teehus.de\/wp-shop\/wp-json\/wp\/v2\/comments?post=6326"}],"wp:featuredmedia":[{"embeddable":true,"href":"https:\/\/wittmunder-teehus.de\/wp-shop\/wp-json\/wp\/v2\/media\/6327"}],"wp:attachment":[{"href":"https:\/\/wittmunder-teehus.de\/wp-shop\/wp-json\/wp\/v2\/media?parent=6326"}],"wp:term":[{"taxonomy":"product_brand","embeddable":true,"href":"https:\/\/wittmunder-teehus.de\/wp-shop\/wp-json\/wp\/v2\/product_brand?post=6326"},{"taxonomy":"product_cat","embeddable":true,"href":"https:\/\/wittmunder-teehus.de\/wp-shop\/wp-json\/wp\/v2\/product_cat?post=6326"},{"taxonomy":"product_tag","embeddable":true,"href":"https:\/\/wittmunder-teehus.de\/wp-shop\/wp-json\/wp\/v2\/product_tag?post=6326"}],"curies":[{"name":"wp","href":"https:\/\/api.w.org\/{rel}","templated":true}]}}