{"id":6147,"date":"2020-04-02T19:05:48","date_gmt":"2020-04-02T17:05:48","guid":{"rendered":"https:\/\/wittmunder-teehus.de\/wp-shop\/?post_type=product&#038;p=6147"},"modified":"2026-03-11T12:54:57","modified_gmt":"2026-03-11T11:54:57","slug":"sanddorn-saft","status":"publish","type":"product","link":"https:\/\/wittmunder-teehus.de\/wp-shop\/produkt\/sanddorn-saft\/","title":{"rendered":"Sanddorn-Saft"},"content":{"rendered":"<p><strong>k<\/strong>lasse.<strong>b<\/strong>estes.<strong>A<\/strong>ngebot<br \/>\n&#8222;Zitrone des Nordens&#8220; &#8211; Sanddorn-Saft &#8211; 100% Direktsaft, naturtr\u00fcb, 330ml<br \/>\nverfeinert Quark, Joghurt, Eis und M\u00fcslis.<br \/>\nIst aber auch als fruchtige F\u00fcllung von Geb\u00e4ck und Kuchen eine willkommene Abwechslung.<\/p>\n<p>Alternativ zur hei\u00dfen Zitrone k\u00f6nnen sie es beim n\u00e4chsten Schnupfen oder Husten mit Sanddorn probieren. Die kleinen gelben Sanddorn-Beeren sind n\u00e4mlich wahre Vitaminbomben und enthalten bis zu zehnmal so viel Vitamin C wie Zitronen. Schon drei L\u00f6ffel Sanddornsaft sollen den kompletten Tagesbedarf eines Erwachsenen an Vitamin C decken.<\/p>\n<p>Die leuchtend gelben Sanddorn-Beeren wachsen auf stacheligen B\u00fcschen \u2013 bevorzugt bei rauem Klima sowie losem kalkhaltigen Sandboden, an felsigen H\u00e4ngen oder auf Sandd\u00fcnen.<\/p>\n<p>Heute gibt es Sanddorn als Saft, Mus, Tee, Sirup und in vielen weiteren Formen. Da die Beeren sehr sauer sind, werden sie selten in ihrer rohen Form verzehrt. Werden sie jedoch schonend mit Schale gepresst und verarbeitet, bleiben die meisten N\u00e4hrstoffe vom Sanddorn erhalten.<\/p>\n<p>Sanddorn gilt als eines der wenigen pflanzlichen Nahrungsmittel, die Vitamin B12 enthalten, das sonst \u00fcberwiegend in Fleisch enthalten ist. Somit wird Sanddorn auch oft als B12-Quelle f\u00fcr Vegetarier und Veganer empfohlen, die teils einen Mangel an diesem Vitamin haben.<\/p>\n<p>Sanddorn enth\u00e4lt zahlreiche gesunde N\u00e4hrstoffe: Neben dem bereits erw\u00e4hnten Vitamin C bietet Sanddorn auch eine F\u00fclle an E-, und A-Vitaminen. Viele Vitamine sind fettl\u00f6slich \u2013 praktischerweise liefert Sanddorn das Fett gleich mit und erm\u00f6glicht es so dem K\u00f6rper, die N\u00e4hrstoffe direkt zu verarbeiten.<\/p>\n<p>Im Fruchtfleisch der Sanddorn-Beere sind zudem Mineralstoffe wie Magnesium, Eisen, Kalzium und Mangan enthalten. All diese N\u00e4hrstoffe stecken in ein paar L\u00f6ffeln Sanddornsaft.<\/p>\n<p>Der Sanddornsaft sollte im Mischverh\u00e4ltnis 1:6 mit Wasser getrunken werden. Gut schmeckt Sanddornsaft auch mit einem L\u00f6ffel Honig in hei\u00dfen Tee oder Apfelsaft einger\u00fchrt.<\/p>\n","protected":false},"excerpt":{"rendered":"<p>klasse.bestes.Angebot &#8222;Zitrone des Nordens&#8220; &#8211; Sanddorn-Saft &#8211; 100% Direktsaft, naturtr\u00fcb, 330ml verfeinert Quark, Joghurt, Eis und M\u00fcslis. Ist aber auch als fruchtige F\u00fcllung von Geb\u00e4ck und Kuchen eine willkommene Abwechslung. Alternativ zur hei\u00dfen Zitrone k\u00f6nnen sie es beim n\u00e4chsten Schnupfen oder Husten mit Sanddorn probieren. Die kleinen gelben Sanddorn-Beeren sind n\u00e4mlich wahre Vitaminbomben und enthalten [&hellip;]<\/p>\n","protected":false},"featured_media":6148,"comment_status":"closed","ping_status":"closed","template":"","meta":[],"product_brand":[],"product_cat":[27,25],"product_tag":[],"class_list":{"0":"post-6147","1":"product","2":"type-product","3":"status-publish","4":"has-post-thumbnail","6":"product_cat-ostfriesische-spezialitaeten","7":"product_cat-zuckerhonigsirup","9":"first","10":"instock","11":"taxable","12":"shipping-taxable","13":"purchasable","14":"product-type-simple"},"_links":{"self":[{"href":"https:\/\/wittmunder-teehus.de\/wp-shop\/wp-json\/wp\/v2\/product\/6147","targetHints":{"allow":["GET"]}}],"collection":[{"href":"https:\/\/wittmunder-teehus.de\/wp-shop\/wp-json\/wp\/v2\/product"}],"about":[{"href":"https:\/\/wittmunder-teehus.de\/wp-shop\/wp-json\/wp\/v2\/types\/product"}],"replies":[{"embeddable":true,"href":"https:\/\/wittmunder-teehus.de\/wp-shop\/wp-json\/wp\/v2\/comments?post=6147"}],"wp:featuredmedia":[{"embeddable":true,"href":"https:\/\/wittmunder-teehus.de\/wp-shop\/wp-json\/wp\/v2\/media\/6148"}],"wp:attachment":[{"href":"https:\/\/wittmunder-teehus.de\/wp-shop\/wp-json\/wp\/v2\/media?parent=6147"}],"wp:term":[{"taxonomy":"product_brand","embeddable":true,"href":"https:\/\/wittmunder-teehus.de\/wp-shop\/wp-json\/wp\/v2\/product_brand?post=6147"},{"taxonomy":"product_cat","embeddable":true,"href":"https:\/\/wittmunder-teehus.de\/wp-shop\/wp-json\/wp\/v2\/product_cat?post=6147"},{"taxonomy":"product_tag","embeddable":true,"href":"https:\/\/wittmunder-teehus.de\/wp-shop\/wp-json\/wp\/v2\/product_tag?post=6147"}],"curies":[{"name":"wp","href":"https:\/\/api.w.org\/{rel}","templated":true}]}}