{"id":6118,"date":"2020-03-21T16:28:12","date_gmt":"2020-03-21T15:28:12","guid":{"rendered":"https:\/\/wittmunder-teehus.de\/wp-shop\/?post_type=product&#038;p=6118"},"modified":"2026-03-11T12:54:57","modified_gmt":"2026-03-11T11:54:57","slug":"de-oole-biel-teelikoer","status":"publish","type":"product","link":"https:\/\/wittmunder-teehus.de\/wp-shop\/produkt\/de-oole-biel-teelikoer\/","title":{"rendered":"De Oole Biel Teelik\u00f6r klein"},"content":{"rendered":"<p>Ansatzmischungen f\u00fcr Feinste Friesische Lik\u00f6re zum selber Herstellen.<br \/>\nZutaten: Kristallzucker, Oolongtee, Orangenscheiben, Teebonbon (Glukosesirup, Zucker,<br \/>\nTee-Extrakt 0,4%, Teearoma, Karamellzuckersirup, <strong>SAHNEAROMA<\/strong>, Vanillin).<br \/>\nZubereitung: Zutaten in 0,7 Liter Wodka, Korn oder Obstler geben und 2 &#8211; 4 Wochen<br \/>\nin ein geschlossenes Gef\u00e4\u00df an einen warmen Ort stellen. Bitte \u00f6fters umr\u00fchren!<br \/>\nDanach durch ein feines Sieb oder Tuch gie\u00dfen und in Flaschen f\u00fcllen.<br \/>\nDer Lik\u00f6r ist nun sofort Genuss fertig.<\/p>\n","protected":false},"excerpt":{"rendered":"<p>Ansatzmischungen f\u00fcr Feinste Friesische Lik\u00f6re zum selber Herstellen. Zutaten: Kristallzucker, Oolongtee, Orangenscheiben, Teebonbon (Glukosesirup, Zucker, Tee-Extrakt 0,4%, Teearoma, Karamellzuckersirup, SAHNEAROMA, Vanillin). Zubereitung: Zutaten in 0,7 Liter Wodka, Korn oder Obstler geben und 2 &#8211; 4 Wochen in ein geschlossenes Gef\u00e4\u00df an einen warmen Ort stellen. Bitte \u00f6fters umr\u00fchren! Danach durch ein feines Sieb oder Tuch [&hellip;]<\/p>\n","protected":false},"featured_media":6138,"comment_status":"closed","ping_status":"closed","template":"","meta":[],"product_brand":[],"product_cat":[23],"product_tag":[],"class_list":{"0":"post-6118","1":"product","2":"type-product","3":"status-publish","4":"has-post-thumbnail","6":"product_cat-ansatzmischungen","8":"first","9":"instock","10":"taxable","11":"shipping-taxable","12":"purchasable","13":"product-type-simple"},"_links":{"self":[{"href":"https:\/\/wittmunder-teehus.de\/wp-shop\/wp-json\/wp\/v2\/product\/6118","targetHints":{"allow":["GET"]}}],"collection":[{"href":"https:\/\/wittmunder-teehus.de\/wp-shop\/wp-json\/wp\/v2\/product"}],"about":[{"href":"https:\/\/wittmunder-teehus.de\/wp-shop\/wp-json\/wp\/v2\/types\/product"}],"replies":[{"embeddable":true,"href":"https:\/\/wittmunder-teehus.de\/wp-shop\/wp-json\/wp\/v2\/comments?post=6118"}],"wp:featuredmedia":[{"embeddable":true,"href":"https:\/\/wittmunder-teehus.de\/wp-shop\/wp-json\/wp\/v2\/media\/6138"}],"wp:attachment":[{"href":"https:\/\/wittmunder-teehus.de\/wp-shop\/wp-json\/wp\/v2\/media?parent=6118"}],"wp:term":[{"taxonomy":"product_brand","embeddable":true,"href":"https:\/\/wittmunder-teehus.de\/wp-shop\/wp-json\/wp\/v2\/product_brand?post=6118"},{"taxonomy":"product_cat","embeddable":true,"href":"https:\/\/wittmunder-teehus.de\/wp-shop\/wp-json\/wp\/v2\/product_cat?post=6118"},{"taxonomy":"product_tag","embeddable":true,"href":"https:\/\/wittmunder-teehus.de\/wp-shop\/wp-json\/wp\/v2\/product_tag?post=6118"}],"curies":[{"name":"wp","href":"https:\/\/api.w.org\/{rel}","templated":true}]}}