{"id":6088,"date":"2020-03-14T19:38:54","date_gmt":"2020-03-14T18:38:54","guid":{"rendered":"https:\/\/wittmunder-teehus.de\/wp-shop\/?post_type=product&#038;p=6088"},"modified":"2026-03-11T12:54:58","modified_gmt":"2026-03-11T11:54:58","slug":"schwarzer-tee-piraten-lakritz","status":"publish","type":"product","link":"https:\/\/wittmunder-teehus.de\/wp-shop\/produkt\/schwarzer-tee-piraten-lakritz\/","title":{"rendered":"Schwarzer Tee Piraten-Lakritz"},"content":{"rendered":"<p>Piraten-Lakritz Tee angenehm lakritzig.<br \/>\nZutaten: Schwarzer Tee, S\u00fc\u00dfholz, Salmiakpastillen1%(Weizenmehl,Sorbit,Lakritzpulver,Salmiaksalz,<br \/>\nKochsalz,Farbstoff:Pflanzenkohle,Anis\u00f6l,\u00dcberzugsmittel:Schellack,Trennmittel:Talkum),<br \/>\nSalmiakpulver(Zucker,S\u00fc\u00dfholzwurzelextrakt,Salmiaksalz,St\u00e4rke), Chili, und Aroma.<\/p>\n","protected":false},"excerpt":{"rendered":"<p>Piraten-Lakritz Tee angenehm lakritzig. Zutaten: Schwarzer Tee, S\u00fc\u00dfholz, Salmiakpastillen1%(Weizenmehl,Sorbit,Lakritzpulver,Salmiaksalz, Kochsalz,Farbstoff:Pflanzenkohle,Anis\u00f6l,\u00dcberzugsmittel:Schellack,Trennmittel:Talkum), Salmiakpulver(Zucker,S\u00fc\u00dfholzwurzelextrakt,Salmiaksalz,St\u00e4rke), Chili, und Aroma.<\/p>\n","protected":false},"featured_media":6120,"comment_status":"closed","ping_status":"closed","template":"","meta":[],"product_brand":[],"product_cat":[53],"product_tag":[],"class_list":{"0":"post-6088","1":"product","2":"type-product","3":"status-publish","4":"has-post-thumbnail","6":"product_cat-schwarztee","8":"first","9":"instock","10":"taxable","11":"shipping-taxable","12":"purchasable","13":"product-type-variable"},"_links":{"self":[{"href":"https:\/\/wittmunder-teehus.de\/wp-shop\/wp-json\/wp\/v2\/product\/6088","targetHints":{"allow":["GET"]}}],"collection":[{"href":"https:\/\/wittmunder-teehus.de\/wp-shop\/wp-json\/wp\/v2\/product"}],"about":[{"href":"https:\/\/wittmunder-teehus.de\/wp-shop\/wp-json\/wp\/v2\/types\/product"}],"replies":[{"embeddable":true,"href":"https:\/\/wittmunder-teehus.de\/wp-shop\/wp-json\/wp\/v2\/comments?post=6088"}],"wp:featuredmedia":[{"embeddable":true,"href":"https:\/\/wittmunder-teehus.de\/wp-shop\/wp-json\/wp\/v2\/media\/6120"}],"wp:attachment":[{"href":"https:\/\/wittmunder-teehus.de\/wp-shop\/wp-json\/wp\/v2\/media?parent=6088"}],"wp:term":[{"taxonomy":"product_brand","embeddable":true,"href":"https:\/\/wittmunder-teehus.de\/wp-shop\/wp-json\/wp\/v2\/product_brand?post=6088"},{"taxonomy":"product_cat","embeddable":true,"href":"https:\/\/wittmunder-teehus.de\/wp-shop\/wp-json\/wp\/v2\/product_cat?post=6088"},{"taxonomy":"product_tag","embeddable":true,"href":"https:\/\/wittmunder-teehus.de\/wp-shop\/wp-json\/wp\/v2\/product_tag?post=6088"}],"curies":[{"name":"wp","href":"https:\/\/api.w.org\/{rel}","templated":true}]}}