{"id":5984,"date":"2019-12-29T20:34:20","date_gmt":"2019-12-29T19:34:20","guid":{"rendered":"https:\/\/wittmunder-teehus.de\/wp-shop\/?post_type=product&#038;p=5984"},"modified":"2026-03-11T12:54:58","modified_gmt":"2026-03-11T11:54:58","slug":"erdbeer-vanille-zuckerfrei","status":"publish","type":"product","link":"https:\/\/wittmunder-teehus.de\/wp-shop\/produkt\/erdbeer-vanille-zuckerfrei\/","title":{"rendered":"Erdbeer Vanille Zuckerfrei"},"content":{"rendered":"<p>Erdbeer Vanille Zuckerfrei, 120g T\u00fcte<br \/>\nZutaten: Isomalt, S\u00e4uerungsmittel: Apfels\u00e4ure, Aroma, Vanillin,<br \/>\nFarbstoffe: nat\u00fcrliches Curcuma Aroma und Rote Beete Saftkonzentrat,<br \/>\nS\u00fc\u00dfstoff: AcesulfamK.<br \/>\nIm Durchschnitt je 100g:<br \/>\nEnergie 980,3kJ(240kcal), Fett 0g(davon ges\u00e4ttigte Fetts\u00e4uren 0g,<br \/>\nKohlenhydrate 61g(davon Zucker 0,0g), Eiwei\u00df 0g, Salz 0g<\/p>\n","protected":false},"excerpt":{"rendered":"<p>Erdbeer Vanille Zuckerfrei, 120g T\u00fcte Zutaten: Isomalt, S\u00e4uerungsmittel: Apfels\u00e4ure, Aroma, Vanillin, Farbstoffe: nat\u00fcrliches Curcuma Aroma und Rote Beete Saftkonzentrat, S\u00fc\u00dfstoff: AcesulfamK. Im Durchschnitt je 100g: Energie 980,3kJ(240kcal), Fett 0g(davon ges\u00e4ttigte Fetts\u00e4uren 0g, Kohlenhydrate 61g(davon Zucker 0,0g), Eiwei\u00df 0g, Salz 0g<\/p>\n","protected":false},"featured_media":5985,"comment_status":"closed","ping_status":"closed","template":"","meta":[],"product_brand":[],"product_cat":[76],"product_tag":[],"class_list":{"0":"post-5984","1":"product","2":"type-product","3":"status-publish","4":"has-post-thumbnail","6":"product_cat-bonbons-kekse-schokolade","8":"first","9":"instock","10":"taxable","11":"shipping-taxable","12":"purchasable","13":"product-type-simple"},"_links":{"self":[{"href":"https:\/\/wittmunder-teehus.de\/wp-shop\/wp-json\/wp\/v2\/product\/5984","targetHints":{"allow":["GET"]}}],"collection":[{"href":"https:\/\/wittmunder-teehus.de\/wp-shop\/wp-json\/wp\/v2\/product"}],"about":[{"href":"https:\/\/wittmunder-teehus.de\/wp-shop\/wp-json\/wp\/v2\/types\/product"}],"replies":[{"embeddable":true,"href":"https:\/\/wittmunder-teehus.de\/wp-shop\/wp-json\/wp\/v2\/comments?post=5984"}],"wp:featuredmedia":[{"embeddable":true,"href":"https:\/\/wittmunder-teehus.de\/wp-shop\/wp-json\/wp\/v2\/media\/5985"}],"wp:attachment":[{"href":"https:\/\/wittmunder-teehus.de\/wp-shop\/wp-json\/wp\/v2\/media?parent=5984"}],"wp:term":[{"taxonomy":"product_brand","embeddable":true,"href":"https:\/\/wittmunder-teehus.de\/wp-shop\/wp-json\/wp\/v2\/product_brand?post=5984"},{"taxonomy":"product_cat","embeddable":true,"href":"https:\/\/wittmunder-teehus.de\/wp-shop\/wp-json\/wp\/v2\/product_cat?post=5984"},{"taxonomy":"product_tag","embeddable":true,"href":"https:\/\/wittmunder-teehus.de\/wp-shop\/wp-json\/wp\/v2\/product_tag?post=5984"}],"curies":[{"name":"wp","href":"https:\/\/api.w.org\/{rel}","templated":true}]}}