{"id":5960,"date":"2019-12-15T19:27:33","date_gmt":"2019-12-15T18:27:33","guid":{"rendered":"https:\/\/wittmunder-teehus.de\/wp-shop\/?post_type=product&#038;p=5960"},"modified":"2026-03-11T12:54:58","modified_gmt":"2026-03-11T11:54:58","slug":"friesenherz-de-starke","status":"publish","type":"product","link":"https:\/\/wittmunder-teehus.de\/wp-shop\/produkt\/friesenherz-de-starke\/","title":{"rendered":"Friesenherz De Starke"},"content":{"rendered":"<p>De Gode Ostfreesen Tee De Starke &#8211; 500g<br \/>\nSchwarzer Ostfriesentee<\/p>\n<p>In den Regenw\u00e4ldern S\u00fcd-Chinas und Nord-Vietnams wachsen die B\u00e4ume der Teepflanze \u201eCamellia sinensis\u201c. Die dort ans\u00e4ssigen indigenen St\u00e4mme verarbeiten die Bl\u00e4tter dieser B\u00e4ume seit Jahrtausenden zu Gr\u00fcn- und Schwarztee.<br \/>\nDie Bl\u00e4tter f\u00fcr unseren Ostriesentee stammen aus den Regenw\u00e4ldern der Provinz Yen Bai\/Nord-Vietnam und werden von den dort lebenden H\u2019mong und Dao geerntet.<\/p>\n<p>Die Bergst\u00e4mme bringen die frischen Bl\u00e4tter &#8211; aus biozertifizierter Wildsammlung &#8211; zu unseren kleinen Manufakturen, wo sie zur Grundlage f\u00fcr unseren hochwertigen Ostfriesentee verarbeitet werden. Abgerundet wird die Mischung mit Schwarztee aus Bangladesch und Assam, die ebenfalls aus biozertifiziertem Anbau stammen.<\/p>\n<p>Die Erzeuger erhalten von uns f\u00fcr ihre Bio-Tees einen fairen Preis, der deutlich \u00fcber dem Marktniveau liegt.<\/p>\n","protected":false},"excerpt":{"rendered":"<p>De Gode Ostfreesen Tee De Starke &#8211; 500g Schwarzer Ostfriesentee In den Regenw\u00e4ldern S\u00fcd-Chinas und Nord-Vietnams wachsen die B\u00e4ume der Teepflanze \u201eCamellia sinensis\u201c. Die dort ans\u00e4ssigen indigenen St\u00e4mme verarbeiten die Bl\u00e4tter dieser B\u00e4ume seit Jahrtausenden zu Gr\u00fcn- und Schwarztee. Die Bl\u00e4tter f\u00fcr unseren Ostriesentee stammen aus den Regenw\u00e4ldern der Provinz Yen Bai\/Nord-Vietnam und werden von [&hellip;]<\/p>\n","protected":false},"featured_media":5961,"comment_status":"closed","ping_status":"closed","template":"","meta":[],"product_brand":[],"product_cat":[49],"product_tag":[],"class_list":{"0":"post-5960","1":"product","2":"type-product","3":"status-publish","4":"has-post-thumbnail","6":"product_cat-ostfriesische-teemischungen","8":"first","9":"instock","10":"taxable","11":"shipping-taxable","12":"purchasable","13":"product-type-simple"},"_links":{"self":[{"href":"https:\/\/wittmunder-teehus.de\/wp-shop\/wp-json\/wp\/v2\/product\/5960","targetHints":{"allow":["GET"]}}],"collection":[{"href":"https:\/\/wittmunder-teehus.de\/wp-shop\/wp-json\/wp\/v2\/product"}],"about":[{"href":"https:\/\/wittmunder-teehus.de\/wp-shop\/wp-json\/wp\/v2\/types\/product"}],"replies":[{"embeddable":true,"href":"https:\/\/wittmunder-teehus.de\/wp-shop\/wp-json\/wp\/v2\/comments?post=5960"}],"wp:featuredmedia":[{"embeddable":true,"href":"https:\/\/wittmunder-teehus.de\/wp-shop\/wp-json\/wp\/v2\/media\/5961"}],"wp:attachment":[{"href":"https:\/\/wittmunder-teehus.de\/wp-shop\/wp-json\/wp\/v2\/media?parent=5960"}],"wp:term":[{"taxonomy":"product_brand","embeddable":true,"href":"https:\/\/wittmunder-teehus.de\/wp-shop\/wp-json\/wp\/v2\/product_brand?post=5960"},{"taxonomy":"product_cat","embeddable":true,"href":"https:\/\/wittmunder-teehus.de\/wp-shop\/wp-json\/wp\/v2\/product_cat?post=5960"},{"taxonomy":"product_tag","embeddable":true,"href":"https:\/\/wittmunder-teehus.de\/wp-shop\/wp-json\/wp\/v2\/product_tag?post=5960"}],"curies":[{"name":"wp","href":"https:\/\/api.w.org\/{rel}","templated":true}]}}