{"id":591,"date":"2015-12-02T20:16:15","date_gmt":"2015-12-02T19:16:15","guid":{"rendered":"http:\/\/wittmunder-teehus.de.w0135315.kasserver.com\/wp-shop\/?post_type=product&#038;p=591"},"modified":"2026-03-11T12:58:29","modified_gmt":"2026-03-11T11:58:29","slug":"wintercreme","status":"publish","type":"product","link":"https:\/\/wittmunder-teehus.de\/wp-shop\/produkt\/wintercreme\/","title":{"rendered":"Schwarzer Tee Wintercreme"},"content":{"rendered":"<p>Aromatisierter schwarzer Tee mit fruchtigem Zimt-Sahne-Geschmack<br \/>\nZutaten: Schwarzer Tee, Karamellst\u00fccke (gezuckerte Kondensmager<strong>milch<\/strong>, Zucker, Glukosesirup,<br \/>\nButterfett(<strong>Milch<\/strong>), Feuchthaltemittel: Sorbit, Emulgator: Mono- und Diglyceride<br \/>\nvon Speisefetts\u00e4uren), Orangenschale, Zimtst\u00fccke und Aroma<br \/>\n<em>Spuren: Gluten, Soja, Schalenfr\u00fcchte<\/em><\/p>\n","protected":false},"excerpt":{"rendered":"<p>Aromatisierter schwarzer Tee mit fruchtigem Zimt-Sahne-Geschmack Zutaten: Schwarzer Tee, Karamellst\u00fccke (gezuckerte Kondensmagermilch, Zucker, Glukosesirup, Butterfett(Milch), Feuchthaltemittel: Sorbit, Emulgator: Mono- und Diglyceride von Speisefetts\u00e4uren), Orangenschale, Zimtst\u00fccke und Aroma Spuren: Gluten, Soja, Schalenfr\u00fcchte<\/p>\n","protected":false},"featured_media":597,"comment_status":"closed","ping_status":"closed","template":"","meta":[],"product_brand":[],"product_cat":[53,139],"product_tag":[],"class_list":{"0":"post-591","1":"product","2":"type-product","3":"status-publish","4":"has-post-thumbnail","6":"product_cat-schwarztee","7":"product_cat-weihnachten","9":"first","10":"instock","11":"taxable","12":"shipping-taxable","13":"purchasable","14":"product-type-variable"},"_links":{"self":[{"href":"https:\/\/wittmunder-teehus.de\/wp-shop\/wp-json\/wp\/v2\/product\/591","targetHints":{"allow":["GET"]}}],"collection":[{"href":"https:\/\/wittmunder-teehus.de\/wp-shop\/wp-json\/wp\/v2\/product"}],"about":[{"href":"https:\/\/wittmunder-teehus.de\/wp-shop\/wp-json\/wp\/v2\/types\/product"}],"replies":[{"embeddable":true,"href":"https:\/\/wittmunder-teehus.de\/wp-shop\/wp-json\/wp\/v2\/comments?post=591"}],"wp:featuredmedia":[{"embeddable":true,"href":"https:\/\/wittmunder-teehus.de\/wp-shop\/wp-json\/wp\/v2\/media\/597"}],"wp:attachment":[{"href":"https:\/\/wittmunder-teehus.de\/wp-shop\/wp-json\/wp\/v2\/media?parent=591"}],"wp:term":[{"taxonomy":"product_brand","embeddable":true,"href":"https:\/\/wittmunder-teehus.de\/wp-shop\/wp-json\/wp\/v2\/product_brand?post=591"},{"taxonomy":"product_cat","embeddable":true,"href":"https:\/\/wittmunder-teehus.de\/wp-shop\/wp-json\/wp\/v2\/product_cat?post=591"},{"taxonomy":"product_tag","embeddable":true,"href":"https:\/\/wittmunder-teehus.de\/wp-shop\/wp-json\/wp\/v2\/product_tag?post=591"}],"curies":[{"name":"wp","href":"https:\/\/api.w.org\/{rel}","templated":true}]}}