{"id":5793,"date":"2019-09-08T18:06:24","date_gmt":"2019-09-08T16:06:24","guid":{"rendered":"https:\/\/wittmunder-teehus.de\/wp-shop\/?post_type=product&#038;p=5793"},"modified":"2026-03-11T12:54:59","modified_gmt":"2026-03-11T11:54:59","slug":"becher-regenbogen-segler","status":"publish","type":"product","link":"https:\/\/wittmunder-teehus.de\/wp-shop\/produkt\/becher-regenbogen-segler\/","title":{"rendered":"Becher Regenbogen Segler"},"content":{"rendered":"<p>Fine BONE CHINA Becher Regenbogen Segler<br \/>\nMaterial: Fine BONE CHINA<br \/>\nFarbe: weiss<br \/>\nMotiv: Regenbogen Segler<br \/>\nFassungsverm\u00f6gen in ml: ca. 300 normale Einf\u00fcllmenge<br \/>\nH\u00f6he in mm: ca. 100<br \/>\nDurchmesser in mm: ca. (\u00d6ffnung oben von Rand zu Rand) 80 diagonal gemessen<br \/>\nGewicht netto: ca. zwischen ca. 210 und 260 Gramm je Becher<br \/>\nProduktart \/ Verwendung: BONE CHINA, Becher, Tee, Kaffee etc.<\/p>\n","protected":false},"excerpt":{"rendered":"<p>Fine BONE CHINA Becher Regenbogen Segler Material: Fine BONE CHINA Farbe: weiss Motiv: Regenbogen Segler Fassungsverm\u00f6gen in ml: ca. 300 normale Einf\u00fcllmenge H\u00f6he in mm: ca. 100 Durchmesser in mm: ca. (\u00d6ffnung oben von Rand zu Rand) 80 diagonal gemessen Gewicht netto: ca. zwischen ca. 210 und 260 Gramm je Becher Produktart \/ Verwendung: BONE [&hellip;]<\/p>\n","protected":false},"featured_media":5794,"comment_status":"closed","ping_status":"closed","template":"","meta":[],"product_brand":[],"product_cat":[33,32],"product_tag":[],"class_list":{"0":"post-5793","1":"product","2":"type-product","3":"status-publish","4":"has-post-thumbnail","6":"product_cat-becher-und-tassen","7":"product_cat-porzellan","9":"first","10":"instock","11":"taxable","12":"shipping-taxable","13":"purchasable","14":"product-type-simple"},"_links":{"self":[{"href":"https:\/\/wittmunder-teehus.de\/wp-shop\/wp-json\/wp\/v2\/product\/5793","targetHints":{"allow":["GET"]}}],"collection":[{"href":"https:\/\/wittmunder-teehus.de\/wp-shop\/wp-json\/wp\/v2\/product"}],"about":[{"href":"https:\/\/wittmunder-teehus.de\/wp-shop\/wp-json\/wp\/v2\/types\/product"}],"replies":[{"embeddable":true,"href":"https:\/\/wittmunder-teehus.de\/wp-shop\/wp-json\/wp\/v2\/comments?post=5793"}],"wp:featuredmedia":[{"embeddable":true,"href":"https:\/\/wittmunder-teehus.de\/wp-shop\/wp-json\/wp\/v2\/media\/5794"}],"wp:attachment":[{"href":"https:\/\/wittmunder-teehus.de\/wp-shop\/wp-json\/wp\/v2\/media?parent=5793"}],"wp:term":[{"taxonomy":"product_brand","embeddable":true,"href":"https:\/\/wittmunder-teehus.de\/wp-shop\/wp-json\/wp\/v2\/product_brand?post=5793"},{"taxonomy":"product_cat","embeddable":true,"href":"https:\/\/wittmunder-teehus.de\/wp-shop\/wp-json\/wp\/v2\/product_cat?post=5793"},{"taxonomy":"product_tag","embeddable":true,"href":"https:\/\/wittmunder-teehus.de\/wp-shop\/wp-json\/wp\/v2\/product_tag?post=5793"}],"curies":[{"name":"wp","href":"https:\/\/api.w.org\/{rel}","templated":true}]}}