{"id":5757,"date":"2019-08-11T18:09:38","date_gmt":"2019-08-11T16:09:38","guid":{"rendered":"https:\/\/wittmunder-teehus.de\/wp-shop\/?post_type=product&#038;p=5757"},"modified":"2026-03-11T12:54:59","modified_gmt":"2026-03-11T11:54:59","slug":"gluehwein-bonbons","status":"publish","type":"product","link":"https:\/\/wittmunder-teehus.de\/wp-shop\/produkt\/gluehwein-bonbons\/","title":{"rendered":"Gl\u00fchwein Bonbons"},"content":{"rendered":"<p>Gl\u00fchwein Bonbons, 120g T\u00fcte<br \/>\nBonbons mit Gl\u00fchweingeschmack<br \/>\nZutaten: Zucker, Glukosesirup, S\u00e4uerungsmittel: Citronens\u00e4ure,<br \/>\nAroma, Farbstoff: Rote Beete Saftkonzentrat.<br \/>\nIm Durchschnitt je 100g:<br \/>\nEnergie 1535kJ(371kcal), Fett 0g(davon ges\u00e4ttigte Fetts\u00e4uren 0g,<br \/>\nKohlenhydrate 88,12g(davon Zucker 65,1g), Eiwei\u00df 0g, Salz 0g<\/p>\n","protected":false},"excerpt":{"rendered":"<p>Gl\u00fchwein Bonbons, 120g T\u00fcte Bonbons mit Gl\u00fchweingeschmack Zutaten: Zucker, Glukosesirup, S\u00e4uerungsmittel: Citronens\u00e4ure, Aroma, Farbstoff: Rote Beete Saftkonzentrat. Im Durchschnitt je 100g: Energie 1535kJ(371kcal), Fett 0g(davon ges\u00e4ttigte Fetts\u00e4uren 0g, Kohlenhydrate 88,12g(davon Zucker 65,1g), Eiwei\u00df 0g, Salz 0g<\/p>\n","protected":false},"featured_media":5758,"comment_status":"closed","ping_status":"closed","template":"","meta":[],"product_brand":[],"product_cat":[76,139],"product_tag":[],"class_list":{"0":"post-5757","1":"product","2":"type-product","3":"status-publish","4":"has-post-thumbnail","6":"product_cat-bonbons-kekse-schokolade","7":"product_cat-weihnachten","9":"first","10":"instock","11":"taxable","12":"shipping-taxable","13":"purchasable","14":"product-type-simple"},"_links":{"self":[{"href":"https:\/\/wittmunder-teehus.de\/wp-shop\/wp-json\/wp\/v2\/product\/5757","targetHints":{"allow":["GET"]}}],"collection":[{"href":"https:\/\/wittmunder-teehus.de\/wp-shop\/wp-json\/wp\/v2\/product"}],"about":[{"href":"https:\/\/wittmunder-teehus.de\/wp-shop\/wp-json\/wp\/v2\/types\/product"}],"replies":[{"embeddable":true,"href":"https:\/\/wittmunder-teehus.de\/wp-shop\/wp-json\/wp\/v2\/comments?post=5757"}],"wp:featuredmedia":[{"embeddable":true,"href":"https:\/\/wittmunder-teehus.de\/wp-shop\/wp-json\/wp\/v2\/media\/5758"}],"wp:attachment":[{"href":"https:\/\/wittmunder-teehus.de\/wp-shop\/wp-json\/wp\/v2\/media?parent=5757"}],"wp:term":[{"taxonomy":"product_brand","embeddable":true,"href":"https:\/\/wittmunder-teehus.de\/wp-shop\/wp-json\/wp\/v2\/product_brand?post=5757"},{"taxonomy":"product_cat","embeddable":true,"href":"https:\/\/wittmunder-teehus.de\/wp-shop\/wp-json\/wp\/v2\/product_cat?post=5757"},{"taxonomy":"product_tag","embeddable":true,"href":"https:\/\/wittmunder-teehus.de\/wp-shop\/wp-json\/wp\/v2\/product_tag?post=5757"}],"curies":[{"name":"wp","href":"https:\/\/api.w.org\/{rel}","templated":true}]}}