{"id":5703,"date":"2019-08-07T14:34:05","date_gmt":"2019-08-07T12:34:05","guid":{"rendered":"https:\/\/wittmunder-teehus.de\/wp-shop\/?post_type=product&#038;p=5703"},"modified":"2026-03-11T12:55:00","modified_gmt":"2026-03-11T11:55:00","slug":"eierlikoer-bonbon-gefuellt","status":"publish","type":"product","link":"https:\/\/wittmunder-teehus.de\/wp-shop\/produkt\/eierlikoer-bonbon-gefuellt\/","title":{"rendered":"Eierlik\u00f6r Bonbon gef\u00fcllt"},"content":{"rendered":"<p>Eierlik\u00f6r Bonbon gef\u00fcllt, 150g T\u00fcte<br \/>\nZutaten: Zucker, Glukosesirup, Kokosfett ungeh\u00e4rtet, Aroma, Eierlik\u00f6r (1,0%), Karottenkonzentrat.<br \/>\nIm Durchschnitt je 100g:<br \/>\nEnergie 1815kJ(429kcal), Fett 7,6g(davon ges\u00e4ttigte Fetts\u00e4uren 7g,<br \/>\nKohlenhydrate 90g(davon Zucker 53,5g), Eiwei\u00df 0,2g, Salz 0g<\/p>\n","protected":false},"excerpt":{"rendered":"<p>Eierlik\u00f6r Bonbon gef\u00fcllt, 150g T\u00fcte Zutaten: Zucker, Glukosesirup, Kokosfett ungeh\u00e4rtet, Aroma, Eierlik\u00f6r (1,0%), Karottenkonzentrat. Im Durchschnitt je 100g: Energie 1815kJ(429kcal), Fett 7,6g(davon ges\u00e4ttigte Fetts\u00e4uren 7g, Kohlenhydrate 90g(davon Zucker 53,5g), Eiwei\u00df 0,2g, Salz 0g<\/p>\n","protected":false},"featured_media":7108,"comment_status":"closed","ping_status":"closed","template":"","meta":[],"product_brand":[],"product_cat":[76],"product_tag":[],"class_list":{"0":"post-5703","1":"product","2":"type-product","3":"status-publish","4":"has-post-thumbnail","6":"product_cat-bonbons-kekse-schokolade","8":"first","9":"instock","10":"taxable","11":"shipping-taxable","12":"purchasable","13":"product-type-simple"},"_links":{"self":[{"href":"https:\/\/wittmunder-teehus.de\/wp-shop\/wp-json\/wp\/v2\/product\/5703","targetHints":{"allow":["GET"]}}],"collection":[{"href":"https:\/\/wittmunder-teehus.de\/wp-shop\/wp-json\/wp\/v2\/product"}],"about":[{"href":"https:\/\/wittmunder-teehus.de\/wp-shop\/wp-json\/wp\/v2\/types\/product"}],"replies":[{"embeddable":true,"href":"https:\/\/wittmunder-teehus.de\/wp-shop\/wp-json\/wp\/v2\/comments?post=5703"}],"wp:featuredmedia":[{"embeddable":true,"href":"https:\/\/wittmunder-teehus.de\/wp-shop\/wp-json\/wp\/v2\/media\/7108"}],"wp:attachment":[{"href":"https:\/\/wittmunder-teehus.de\/wp-shop\/wp-json\/wp\/v2\/media?parent=5703"}],"wp:term":[{"taxonomy":"product_brand","embeddable":true,"href":"https:\/\/wittmunder-teehus.de\/wp-shop\/wp-json\/wp\/v2\/product_brand?post=5703"},{"taxonomy":"product_cat","embeddable":true,"href":"https:\/\/wittmunder-teehus.de\/wp-shop\/wp-json\/wp\/v2\/product_cat?post=5703"},{"taxonomy":"product_tag","embeddable":true,"href":"https:\/\/wittmunder-teehus.de\/wp-shop\/wp-json\/wp\/v2\/product_tag?post=5703"}],"curies":[{"name":"wp","href":"https:\/\/api.w.org\/{rel}","templated":true}]}}