{"id":5654,"date":"2019-06-21T21:06:23","date_gmt":"2019-06-21T19:06:23","guid":{"rendered":"https:\/\/wittmunder-teehus.de\/wp-shop\/?post_type=product&#038;p=5654"},"modified":"2026-03-11T12:55:00","modified_gmt":"2026-03-11T11:55:00","slug":"sanddorn-meerestiere","status":"publish","type":"product","link":"https:\/\/wittmunder-teehus.de\/wp-shop\/produkt\/sanddorn-meerestiere\/","title":{"rendered":"Sanddorn Meerestiere"},"content":{"rendered":"<p>Sanddorn Meerestiere, 130g T\u00fcte<br \/>\nFruchtgummi<br \/>\nZutaten: Glukosesirup, Zucker, Gelatine, Sanddornsaft(aus Konzentrat), S\u00e4uerungsmittel: Zitronens\u00e4ure,<br \/>\nAromen, Paprika-Extrakt, Trennmittel:Kokos\u00f6l, Raps\u00f6l, Carnaubawachs.<\/p>\n<p>Im Durchschnitt je 100g:<br \/>\nEnergie 1473kJ(352kcal), Fett 0,11g(davon ges\u00e4ttigte Fetts\u00e4uren 0,09g,<br \/>\nKohlenhydrate 90,10g(davon Zucker 67,80g), Eiwei\u00df 7,00g, Salz 0,03g<\/p>\n","protected":false},"excerpt":{"rendered":"<p>Sanddorn Meerestiere, 130g T\u00fcte Fruchtgummi Zutaten: Glukosesirup, Zucker, Gelatine, Sanddornsaft(aus Konzentrat), S\u00e4uerungsmittel: Zitronens\u00e4ure, Aromen, Paprika-Extrakt, Trennmittel:Kokos\u00f6l, Raps\u00f6l, Carnaubawachs. Im Durchschnitt je 100g: Energie 1473kJ(352kcal), Fett 0,11g(davon ges\u00e4ttigte Fetts\u00e4uren 0,09g, Kohlenhydrate 90,10g(davon Zucker 67,80g), Eiwei\u00df 7,00g, Salz 0,03g<\/p>\n","protected":false},"featured_media":6399,"comment_status":"closed","ping_status":"closed","template":"","meta":[],"product_brand":[],"product_cat":[76],"product_tag":[],"class_list":{"0":"post-5654","1":"product","2":"type-product","3":"status-publish","4":"has-post-thumbnail","6":"product_cat-bonbons-kekse-schokolade","8":"first","9":"instock","10":"taxable","11":"shipping-taxable","12":"purchasable","13":"product-type-simple"},"_links":{"self":[{"href":"https:\/\/wittmunder-teehus.de\/wp-shop\/wp-json\/wp\/v2\/product\/5654","targetHints":{"allow":["GET"]}}],"collection":[{"href":"https:\/\/wittmunder-teehus.de\/wp-shop\/wp-json\/wp\/v2\/product"}],"about":[{"href":"https:\/\/wittmunder-teehus.de\/wp-shop\/wp-json\/wp\/v2\/types\/product"}],"replies":[{"embeddable":true,"href":"https:\/\/wittmunder-teehus.de\/wp-shop\/wp-json\/wp\/v2\/comments?post=5654"}],"wp:featuredmedia":[{"embeddable":true,"href":"https:\/\/wittmunder-teehus.de\/wp-shop\/wp-json\/wp\/v2\/media\/6399"}],"wp:attachment":[{"href":"https:\/\/wittmunder-teehus.de\/wp-shop\/wp-json\/wp\/v2\/media?parent=5654"}],"wp:term":[{"taxonomy":"product_brand","embeddable":true,"href":"https:\/\/wittmunder-teehus.de\/wp-shop\/wp-json\/wp\/v2\/product_brand?post=5654"},{"taxonomy":"product_cat","embeddable":true,"href":"https:\/\/wittmunder-teehus.de\/wp-shop\/wp-json\/wp\/v2\/product_cat?post=5654"},{"taxonomy":"product_tag","embeddable":true,"href":"https:\/\/wittmunder-teehus.de\/wp-shop\/wp-json\/wp\/v2\/product_tag?post=5654"}],"curies":[{"name":"wp","href":"https:\/\/api.w.org\/{rel}","templated":true}]}}