{"id":5596,"date":"2019-06-02T18:39:11","date_gmt":"2019-06-02T16:39:11","guid":{"rendered":"https:\/\/wittmunder-teehus.de\/wp-shop\/?post_type=product&#038;p=5596"},"modified":"2026-03-11T12:55:00","modified_gmt":"2026-03-11T11:55:00","slug":"fruehstuecksbrettchen-super-opa","status":"publish","type":"product","link":"https:\/\/wittmunder-teehus.de\/wp-shop\/produkt\/fruehstuecksbrettchen-super-opa\/","title":{"rendered":"Fr\u00fchst\u00fccksbrettchen &#8222;Super Opa&#8220;"},"content":{"rendered":"<p>Das klassische Fr\u00fchst\u00fccksbrettchen<br \/>\nHitzebest\u00e4ndig bis 150\u00b0, lebensmittelecht, abrieb-, schnitt- und s\u00e4urefest<br \/>\nMa\u00dfe: 23,5 cm x 14,3 cm \u2022 Material: Resopal<br \/>\nIn Deutschland hergestellt.<\/p>\n","protected":false},"excerpt":{"rendered":"<p>Das klassische Fr\u00fchst\u00fccksbrettchen Hitzebest\u00e4ndig bis 150\u00b0, lebensmittelecht, abrieb-, schnitt- und s\u00e4urefest Ma\u00dfe: 23,5 cm x 14,3 cm \u2022 Material: Resopal In Deutschland hergestellt.<\/p>\n","protected":false},"featured_media":5597,"comment_status":"closed","ping_status":"closed","template":"","meta":[],"product_brand":[],"product_cat":[128],"product_tag":[],"class_list":{"0":"post-5596","1":"product","2":"type-product","3":"status-publish","4":"has-post-thumbnail","6":"product_cat-fruehstuecksbrettchen","8":"first","9":"instock","10":"taxable","11":"shipping-taxable","12":"purchasable","13":"product-type-simple"},"_links":{"self":[{"href":"https:\/\/wittmunder-teehus.de\/wp-shop\/wp-json\/wp\/v2\/product\/5596","targetHints":{"allow":["GET"]}}],"collection":[{"href":"https:\/\/wittmunder-teehus.de\/wp-shop\/wp-json\/wp\/v2\/product"}],"about":[{"href":"https:\/\/wittmunder-teehus.de\/wp-shop\/wp-json\/wp\/v2\/types\/product"}],"replies":[{"embeddable":true,"href":"https:\/\/wittmunder-teehus.de\/wp-shop\/wp-json\/wp\/v2\/comments?post=5596"}],"wp:featuredmedia":[{"embeddable":true,"href":"https:\/\/wittmunder-teehus.de\/wp-shop\/wp-json\/wp\/v2\/media\/5597"}],"wp:attachment":[{"href":"https:\/\/wittmunder-teehus.de\/wp-shop\/wp-json\/wp\/v2\/media?parent=5596"}],"wp:term":[{"taxonomy":"product_brand","embeddable":true,"href":"https:\/\/wittmunder-teehus.de\/wp-shop\/wp-json\/wp\/v2\/product_brand?post=5596"},{"taxonomy":"product_cat","embeddable":true,"href":"https:\/\/wittmunder-teehus.de\/wp-shop\/wp-json\/wp\/v2\/product_cat?post=5596"},{"taxonomy":"product_tag","embeddable":true,"href":"https:\/\/wittmunder-teehus.de\/wp-shop\/wp-json\/wp\/v2\/product_tag?post=5596"}],"curies":[{"name":"wp","href":"https:\/\/api.w.org\/{rel}","templated":true}]}}