{"id":5180,"date":"2018-11-08T21:38:56","date_gmt":"2018-11-08T20:38:56","guid":{"rendered":"https:\/\/wittmunder-teehus.de\/wp-shop\/?post_type=product&#038;p=5180"},"modified":"2026-03-11T12:55:01","modified_gmt":"2026-03-11T11:55:01","slug":"olivenoel-italien","status":"publish","type":"product","link":"https:\/\/wittmunder-teehus.de\/wp-shop\/produkt\/olivenoel-italien\/","title":{"rendered":"Oliven\u00f6l\/ Italien"},"content":{"rendered":"<p>Oliven\u00f6l\/Italien nativ extra 100ml <strong>k<\/strong>lasse.<strong>b<\/strong>estes.<strong>A<\/strong>ngebot<br \/>\nF\u00fcr dieses Oliven\u00f6l EXTRA VERGINE werden sonnengereifte Oliven auf traditionelle Weise sehr schonend mittels einer Steinm\u00fchle vermahlen und kaltgepresst. Das Oliven\u00f6l hat einen vollmundig, fruchtigen Geschmack, ist weder bitter noch kratzig. Es handelt sich um ein feines, sortenreines Bio-Oliven\u00f6l von einer familiengef\u00fchrten Farm auf Sizilien \/ Italien. Auf einer kleinen Fl\u00e4che von 20 Hektar reifen feinste BIO Oliven heran. Wir pflegen engen Kontakt zur Hersteller-Familie Petrusa, die seit 1999 mit gro\u00dfer Leidenschaft und \u00dcberzeugung diese einmaligen Oliven anbauen.<\/p>\n<p>Oliven\u00f6l eignet sich hervorragend f\u00fcr Speisen der Mittelmeerk\u00fcche und verfeinert jeden Salat.<\/p>\n<p>Durchschnittlicher Energie- und N\u00e4hrstoffgehalt von 100 g Oliven\u00f6l\/Italien nativ extra<br \/>\nErnergie 3700 kJ \/ 900 kcal Fett 100g davon ges\u00e4ttigte Fetts\u00e4uren 14,5g<br \/>\neinfach unges\u00e4ttigte Fetts\u00e4uren 75,2g  mehrfach unges\u00e4ttigte Fetts\u00e4uren 10,3g<br \/>\nKohlenhydrate 0g davon Zucker 0g<br \/>\nBallaststoffe 0g Eiwei\u00df 0g Salz 0g<\/p>\n<p>Genie\u00dfen Sie unsere \u00d6le im Rahmen einer abwechslungsreichen und ausgewogenen Ern\u00e4hrung.<\/p>\n<p>\u00d6l ist ein Naturprodukt, das in seiner Zusammensetzung nat\u00fcrlichen Schwankungen unterliegt. Bei den Angaben handelt es sich um typische Mittelwerte. <\/p>\n","protected":false},"excerpt":{"rendered":"<p>Oliven\u00f6l\/Italien nativ extra 100ml klasse.bestes.Angebot F\u00fcr dieses Oliven\u00f6l EXTRA VERGINE werden sonnengereifte Oliven auf traditionelle Weise sehr schonend mittels einer Steinm\u00fchle vermahlen und kaltgepresst. Das Oliven\u00f6l hat einen vollmundig, fruchtigen Geschmack, ist weder bitter noch kratzig. Es handelt sich um ein feines, sortenreines Bio-Oliven\u00f6l von einer familiengef\u00fchrten Farm auf Sizilien \/ Italien. Auf einer kleinen [&hellip;]<\/p>\n","protected":false},"featured_media":5181,"comment_status":"closed","ping_status":"closed","template":"","meta":[],"product_brand":[],"product_cat":[28],"product_tag":[],"class_list":{"0":"post-5180","1":"product","2":"type-product","3":"status-publish","4":"has-post-thumbnail","6":"product_cat-kraeuter-gewuerze-dips-oele","8":"first","9":"instock","10":"taxable","11":"shipping-taxable","12":"purchasable","13":"product-type-simple"},"_links":{"self":[{"href":"https:\/\/wittmunder-teehus.de\/wp-shop\/wp-json\/wp\/v2\/product\/5180","targetHints":{"allow":["GET"]}}],"collection":[{"href":"https:\/\/wittmunder-teehus.de\/wp-shop\/wp-json\/wp\/v2\/product"}],"about":[{"href":"https:\/\/wittmunder-teehus.de\/wp-shop\/wp-json\/wp\/v2\/types\/product"}],"replies":[{"embeddable":true,"href":"https:\/\/wittmunder-teehus.de\/wp-shop\/wp-json\/wp\/v2\/comments?post=5180"}],"wp:featuredmedia":[{"embeddable":true,"href":"https:\/\/wittmunder-teehus.de\/wp-shop\/wp-json\/wp\/v2\/media\/5181"}],"wp:attachment":[{"href":"https:\/\/wittmunder-teehus.de\/wp-shop\/wp-json\/wp\/v2\/media?parent=5180"}],"wp:term":[{"taxonomy":"product_brand","embeddable":true,"href":"https:\/\/wittmunder-teehus.de\/wp-shop\/wp-json\/wp\/v2\/product_brand?post=5180"},{"taxonomy":"product_cat","embeddable":true,"href":"https:\/\/wittmunder-teehus.de\/wp-shop\/wp-json\/wp\/v2\/product_cat?post=5180"},{"taxonomy":"product_tag","embeddable":true,"href":"https:\/\/wittmunder-teehus.de\/wp-shop\/wp-json\/wp\/v2\/product_tag?post=5180"}],"curies":[{"name":"wp","href":"https:\/\/api.w.org\/{rel}","templated":true}]}}