{"id":5062,"date":"2018-09-28T21:36:20","date_gmt":"2018-09-28T19:36:20","guid":{"rendered":"https:\/\/wittmunder-teehus.de\/wp-shop\/?post_type=product&#038;p=5062"},"modified":"2026-03-11T12:55:01","modified_gmt":"2026-03-11T11:55:01","slug":"dipp-cafe-de-paris","status":"publish","type":"product","link":"https:\/\/wittmunder-teehus.de\/wp-shop\/produkt\/dipp-cafe-de-paris\/","title":{"rendered":"Dipp Cafe de Paris"},"content":{"rendered":"<p>Dipp Cafe de Paris, 100g<br \/>\nZutaten: Klare Br\u00fche (Meersalz, Glukosesirup, Maltodextrin, Zwiebeln, nat\u00fcrliches Aroma, Liebstockwurzel, Karotten, Macis, Wacholderbeeren, Lauch, Petersilie, Curcuma, Nelken), Curcuma, Zwiebeln, Knoblauch, Chili, Pfeffer wei\u00df, Bockshornklee, Coriander, Petersilie, Ingwer<br \/>\nGew\u00fcrzzubereitung ohne zugesetztes Glutamat<br \/>\n1 E\u00dfl. Gew\u00fcrz in 150g Creme fraiche oder \u00e4hnlichem einr\u00fchren und 2 Std. k\u00fchl ziehen lassen.<br \/>\nEnergie 1209kJ(287kcal), Fett 4,07g(davon ges\u00e4ttigte Fetts\u00e4uren 0,89g,<br \/>\nKohlenhydrate 49,65g(davon Zucker 26,73g), Eiwei\u00df 7,89g, Salz 18,32g<\/p>\n","protected":false},"excerpt":{"rendered":"<p>Dipp Cafe de Paris, 100g Zutaten: Klare Br\u00fche (Meersalz, Glukosesirup, Maltodextrin, Zwiebeln, nat\u00fcrliches Aroma, Liebstockwurzel, Karotten, Macis, Wacholderbeeren, Lauch, Petersilie, Curcuma, Nelken), Curcuma, Zwiebeln, Knoblauch, Chili, Pfeffer wei\u00df, Bockshornklee, Coriander, Petersilie, Ingwer Gew\u00fcrzzubereitung ohne zugesetztes Glutamat 1 E\u00dfl. Gew\u00fcrz in 150g Creme fraiche oder \u00e4hnlichem einr\u00fchren und 2 Std. k\u00fchl ziehen lassen. Energie 1209kJ(287kcal), Fett [&hellip;]<\/p>\n","protected":false},"featured_media":5063,"comment_status":"closed","ping_status":"closed","template":"","meta":[],"product_brand":[],"product_cat":[28],"product_tag":[],"class_list":{"0":"post-5062","1":"product","2":"type-product","3":"status-publish","4":"has-post-thumbnail","6":"product_cat-kraeuter-gewuerze-dips-oele","8":"first","9":"instock","10":"taxable","11":"shipping-taxable","12":"purchasable","13":"product-type-simple"},"_links":{"self":[{"href":"https:\/\/wittmunder-teehus.de\/wp-shop\/wp-json\/wp\/v2\/product\/5062","targetHints":{"allow":["GET"]}}],"collection":[{"href":"https:\/\/wittmunder-teehus.de\/wp-shop\/wp-json\/wp\/v2\/product"}],"about":[{"href":"https:\/\/wittmunder-teehus.de\/wp-shop\/wp-json\/wp\/v2\/types\/product"}],"replies":[{"embeddable":true,"href":"https:\/\/wittmunder-teehus.de\/wp-shop\/wp-json\/wp\/v2\/comments?post=5062"}],"wp:featuredmedia":[{"embeddable":true,"href":"https:\/\/wittmunder-teehus.de\/wp-shop\/wp-json\/wp\/v2\/media\/5063"}],"wp:attachment":[{"href":"https:\/\/wittmunder-teehus.de\/wp-shop\/wp-json\/wp\/v2\/media?parent=5062"}],"wp:term":[{"taxonomy":"product_brand","embeddable":true,"href":"https:\/\/wittmunder-teehus.de\/wp-shop\/wp-json\/wp\/v2\/product_brand?post=5062"},{"taxonomy":"product_cat","embeddable":true,"href":"https:\/\/wittmunder-teehus.de\/wp-shop\/wp-json\/wp\/v2\/product_cat?post=5062"},{"taxonomy":"product_tag","embeddable":true,"href":"https:\/\/wittmunder-teehus.de\/wp-shop\/wp-json\/wp\/v2\/product_tag?post=5062"}],"curies":[{"name":"wp","href":"https:\/\/api.w.org\/{rel}","templated":true}]}}