{"id":4949,"date":"2018-08-30T20:31:23","date_gmt":"2018-08-30T18:31:23","guid":{"rendered":"https:\/\/wittmunder-teehus.de\/wp-shop\/?post_type=product&#038;p=4949"},"modified":"2026-03-11T12:55:02","modified_gmt":"2026-03-11T11:55:02","slug":"teewaermer-weiss","status":"publish","type":"product","link":"https:\/\/wittmunder-teehus.de\/wp-shop\/produkt\/teewaermer-weiss\/","title":{"rendered":"Teew\u00e4rmer Wei\u00df"},"content":{"rendered":"<p>Teew\u00e4rmer Wei\u00df<br \/>\nMaterial: Porzellan<br \/>\nMa\u00dfe: ca. 12,8cm Durchmesser und 6,8cm hoch<br \/>\nSp\u00fclmaschinenfest<br \/>\nMikrowellengeeignet<\/p>\n","protected":false},"excerpt":{"rendered":"<p>Teew\u00e4rmer Wei\u00df Material: Porzellan Ma\u00dfe: ca. 12,8cm Durchmesser und 6,8cm hoch Sp\u00fclmaschinenfest Mikrowellengeeignet<\/p>\n","protected":false},"featured_media":4950,"comment_status":"closed","ping_status":"closed","template":"","meta":[],"product_brand":[],"product_cat":[32],"product_tag":[],"class_list":{"0":"post-4949","1":"product","2":"type-product","3":"status-publish","4":"has-post-thumbnail","6":"product_cat-porzellan","8":"first","9":"instock","10":"taxable","11":"shipping-taxable","12":"purchasable","13":"product-type-simple"},"_links":{"self":[{"href":"https:\/\/wittmunder-teehus.de\/wp-shop\/wp-json\/wp\/v2\/product\/4949","targetHints":{"allow":["GET"]}}],"collection":[{"href":"https:\/\/wittmunder-teehus.de\/wp-shop\/wp-json\/wp\/v2\/product"}],"about":[{"href":"https:\/\/wittmunder-teehus.de\/wp-shop\/wp-json\/wp\/v2\/types\/product"}],"replies":[{"embeddable":true,"href":"https:\/\/wittmunder-teehus.de\/wp-shop\/wp-json\/wp\/v2\/comments?post=4949"}],"wp:featuredmedia":[{"embeddable":true,"href":"https:\/\/wittmunder-teehus.de\/wp-shop\/wp-json\/wp\/v2\/media\/4950"}],"wp:attachment":[{"href":"https:\/\/wittmunder-teehus.de\/wp-shop\/wp-json\/wp\/v2\/media?parent=4949"}],"wp:term":[{"taxonomy":"product_brand","embeddable":true,"href":"https:\/\/wittmunder-teehus.de\/wp-shop\/wp-json\/wp\/v2\/product_brand?post=4949"},{"taxonomy":"product_cat","embeddable":true,"href":"https:\/\/wittmunder-teehus.de\/wp-shop\/wp-json\/wp\/v2\/product_cat?post=4949"},{"taxonomy":"product_tag","embeddable":true,"href":"https:\/\/wittmunder-teehus.de\/wp-shop\/wp-json\/wp\/v2\/product_tag?post=4949"}],"curies":[{"name":"wp","href":"https:\/\/api.w.org\/{rel}","templated":true}]}}