{"id":4942,"date":"2018-08-29T20:21:30","date_gmt":"2018-08-29T18:21:30","guid":{"rendered":"https:\/\/wittmunder-teehus.de\/wp-shop\/?post_type=product&#038;p=4942"},"modified":"2026-03-11T12:55:02","modified_gmt":"2026-03-11T11:55:02","slug":"vorratsglaeschen-rund","status":"publish","type":"product","link":"https:\/\/wittmunder-teehus.de\/wp-shop\/produkt\/vorratsglaeschen-rund\/","title":{"rendered":"Vorratsgl\u00e4schen Rund"},"content":{"rendered":"<p>Vorratsgl\u00e4schen Rund mit Aroma-B\u00fcgelverschluss.<br \/>\nca. H\u00f6he 83mm und Durchmesser 44mm<br \/>\nInhalt ca. 0,08l<br \/>\nAuch f\u00fcr Gew\u00fcrze, Bonbons, Zucker etc.<\/p>\n","protected":false},"excerpt":{"rendered":"<p>Vorratsgl\u00e4schen Rund mit Aroma-B\u00fcgelverschluss. ca. H\u00f6he 83mm und Durchmesser 44mm Inhalt ca. 0,08l Auch f\u00fcr Gew\u00fcrze, Bonbons, Zucker etc.<\/p>\n","protected":false},"featured_media":4943,"comment_status":"closed","ping_status":"closed","template":"","meta":[],"product_brand":[],"product_cat":[31,86,63,28],"product_tag":[],"class_list":{"0":"post-4942","1":"product","2":"type-product","3":"status-publish","4":"has-post-thumbnail","6":"product_cat-deko","7":"product_cat-dosen","8":"product_cat-flaschen","9":"product_cat-kraeuter-gewuerze-dips-oele","11":"first","12":"instock","13":"taxable","14":"shipping-taxable","15":"purchasable","16":"product-type-simple"},"_links":{"self":[{"href":"https:\/\/wittmunder-teehus.de\/wp-shop\/wp-json\/wp\/v2\/product\/4942","targetHints":{"allow":["GET"]}}],"collection":[{"href":"https:\/\/wittmunder-teehus.de\/wp-shop\/wp-json\/wp\/v2\/product"}],"about":[{"href":"https:\/\/wittmunder-teehus.de\/wp-shop\/wp-json\/wp\/v2\/types\/product"}],"replies":[{"embeddable":true,"href":"https:\/\/wittmunder-teehus.de\/wp-shop\/wp-json\/wp\/v2\/comments?post=4942"}],"wp:featuredmedia":[{"embeddable":true,"href":"https:\/\/wittmunder-teehus.de\/wp-shop\/wp-json\/wp\/v2\/media\/4943"}],"wp:attachment":[{"href":"https:\/\/wittmunder-teehus.de\/wp-shop\/wp-json\/wp\/v2\/media?parent=4942"}],"wp:term":[{"taxonomy":"product_brand","embeddable":true,"href":"https:\/\/wittmunder-teehus.de\/wp-shop\/wp-json\/wp\/v2\/product_brand?post=4942"},{"taxonomy":"product_cat","embeddable":true,"href":"https:\/\/wittmunder-teehus.de\/wp-shop\/wp-json\/wp\/v2\/product_cat?post=4942"},{"taxonomy":"product_tag","embeddable":true,"href":"https:\/\/wittmunder-teehus.de\/wp-shop\/wp-json\/wp\/v2\/product_tag?post=4942"}],"curies":[{"name":"wp","href":"https:\/\/api.w.org\/{rel}","templated":true}]}}