{"id":4889,"date":"2018-07-25T20:45:56","date_gmt":"2018-07-25T18:45:56","guid":{"rendered":"https:\/\/wittmunder-teehus.de\/wp-shop\/?post_type=product&#038;p=4889"},"modified":"2026-03-11T12:55:02","modified_gmt":"2026-03-11T11:55:02","slug":"sanddorn-waffeln","status":"publish","type":"product","link":"https:\/\/wittmunder-teehus.de\/wp-shop\/produkt\/sanddorn-waffeln\/","title":{"rendered":"Sanddorn-Waffeln"},"content":{"rendered":"<p>Sanddorn-Waffeln, 150 g<br \/>\nZutaten: <strong>Weizen<\/strong>mehl, Zucker, Butter (<strong>Milch<\/strong>), Sanddornkonzentrat, <strong>Vollei<\/strong>pulver,<br \/>\nSalz, <strong>Soja<\/strong>mehl, Farbstoff Betakarotin.<br \/>\n<em>Spuren: Erdn\u00fcsse, Schalenfr\u00fcchte, Sesam<\/em><\/p>\n<p>N\u00e4hrwert pro 100g:<br \/>\nBrennwert: 2013kj\/481kcal,<br \/>\nFett: 18,20g, davon ges\u00e4ttigte Fetts\u00e4uren: 12,10g<br \/>\nKohlenhydrate: 71,30g, davon Zucker: 33,00g<br \/>\nEiwei\u00df: 7,30g, Salz: 1,10g<\/p>\n","protected":false},"excerpt":{"rendered":"<p>Sanddorn-Waffeln, 150 g Zutaten: Weizenmehl, Zucker, Butter (Milch), Sanddornkonzentrat, Volleipulver, Salz, Sojamehl, Farbstoff Betakarotin. Spuren: Erdn\u00fcsse, Schalenfr\u00fcchte, Sesam N\u00e4hrwert pro 100g: Brennwert: 2013kj\/481kcal, Fett: 18,20g, davon ges\u00e4ttigte Fetts\u00e4uren: 12,10g Kohlenhydrate: 71,30g, davon Zucker: 33,00g Eiwei\u00df: 7,30g, Salz: 1,10g<\/p>\n","protected":false},"featured_media":4893,"comment_status":"closed","ping_status":"closed","template":"","meta":[],"product_brand":[],"product_cat":[76],"product_tag":[],"class_list":{"0":"post-4889","1":"product","2":"type-product","3":"status-publish","4":"has-post-thumbnail","6":"product_cat-bonbons-kekse-schokolade","8":"first","9":"instock","10":"taxable","11":"shipping-taxable","12":"purchasable","13":"product-type-simple"},"_links":{"self":[{"href":"https:\/\/wittmunder-teehus.de\/wp-shop\/wp-json\/wp\/v2\/product\/4889","targetHints":{"allow":["GET"]}}],"collection":[{"href":"https:\/\/wittmunder-teehus.de\/wp-shop\/wp-json\/wp\/v2\/product"}],"about":[{"href":"https:\/\/wittmunder-teehus.de\/wp-shop\/wp-json\/wp\/v2\/types\/product"}],"replies":[{"embeddable":true,"href":"https:\/\/wittmunder-teehus.de\/wp-shop\/wp-json\/wp\/v2\/comments?post=4889"}],"wp:featuredmedia":[{"embeddable":true,"href":"https:\/\/wittmunder-teehus.de\/wp-shop\/wp-json\/wp\/v2\/media\/4893"}],"wp:attachment":[{"href":"https:\/\/wittmunder-teehus.de\/wp-shop\/wp-json\/wp\/v2\/media?parent=4889"}],"wp:term":[{"taxonomy":"product_brand","embeddable":true,"href":"https:\/\/wittmunder-teehus.de\/wp-shop\/wp-json\/wp\/v2\/product_brand?post=4889"},{"taxonomy":"product_cat","embeddable":true,"href":"https:\/\/wittmunder-teehus.de\/wp-shop\/wp-json\/wp\/v2\/product_cat?post=4889"},{"taxonomy":"product_tag","embeddable":true,"href":"https:\/\/wittmunder-teehus.de\/wp-shop\/wp-json\/wp\/v2\/product_tag?post=4889"}],"curies":[{"name":"wp","href":"https:\/\/api.w.org\/{rel}","templated":true}]}}