{"id":4876,"date":"2018-07-19T21:54:35","date_gmt":"2018-07-19T19:54:35","guid":{"rendered":"https:\/\/wittmunder-teehus.de\/wp-shop\/?post_type=product&#038;p=4876"},"modified":"2026-03-16T17:53:37","modified_gmt":"2026-03-16T16:53:37","slug":"sanddorn-im-honig","status":"publish","type":"product","link":"https:\/\/wittmunder-teehus.de\/wp-shop\/produkt\/sanddorn-im-honig\/","title":{"rendered":"Sanddorn im Honig"},"content":{"rendered":"<p>Sanddorn im Honig<br \/>\nZutaten: 97% Honig, 3% nat\u00fcrliches Sanddornfruchtsaft-Konzentrat.<br \/>\nNettof\u00fcllmenge 125 g<\/p>\n<p>N\u00e4hrwerte pro 100 g:<br \/>\nEnergie 1.276 kJ\/ 301 kcal<br \/>\nFett 0 g<br \/>\ndavon ges\u00e4ttigte Fetts\u00e4uren 0 g<br \/>\nKohlenhydrate 74 g<br \/>\ndavon Zucker 73 g<br \/>\nEiwei\u00df 0 g<br \/>\nSalz 0 g<\/p>\n","protected":false},"excerpt":{"rendered":"<p>Sanddorn im Honig Zutaten: 97% Honig, 3% nat\u00fcrliches Sanddornfruchtsaft-Konzentrat. Nettof\u00fcllmenge 125 g N\u00e4hrwerte pro 100 g: Energie 1.276 kJ\/ 301 kcal Fett 0 g davon ges\u00e4ttigte Fetts\u00e4uren 0 g Kohlenhydrate 74 g davon Zucker 73 g Eiwei\u00df 0 g Salz 0 g<\/p>\n","protected":false},"featured_media":8916,"comment_status":"closed","ping_status":"closed","template":"","meta":[],"product_brand":[],"product_cat":[25],"product_tag":[],"class_list":{"0":"post-4876","1":"product","2":"type-product","3":"status-publish","4":"has-post-thumbnail","6":"product_cat-zuckerhonigsirup","8":"first","9":"instock","10":"taxable","11":"shipping-taxable","12":"purchasable","13":"product-type-simple"},"_links":{"self":[{"href":"https:\/\/wittmunder-teehus.de\/wp-shop\/wp-json\/wp\/v2\/product\/4876","targetHints":{"allow":["GET"]}}],"collection":[{"href":"https:\/\/wittmunder-teehus.de\/wp-shop\/wp-json\/wp\/v2\/product"}],"about":[{"href":"https:\/\/wittmunder-teehus.de\/wp-shop\/wp-json\/wp\/v2\/types\/product"}],"replies":[{"embeddable":true,"href":"https:\/\/wittmunder-teehus.de\/wp-shop\/wp-json\/wp\/v2\/comments?post=4876"}],"wp:featuredmedia":[{"embeddable":true,"href":"https:\/\/wittmunder-teehus.de\/wp-shop\/wp-json\/wp\/v2\/media\/8916"}],"wp:attachment":[{"href":"https:\/\/wittmunder-teehus.de\/wp-shop\/wp-json\/wp\/v2\/media?parent=4876"}],"wp:term":[{"taxonomy":"product_brand","embeddable":true,"href":"https:\/\/wittmunder-teehus.de\/wp-shop\/wp-json\/wp\/v2\/product_brand?post=4876"},{"taxonomy":"product_cat","embeddable":true,"href":"https:\/\/wittmunder-teehus.de\/wp-shop\/wp-json\/wp\/v2\/product_cat?post=4876"},{"taxonomy":"product_tag","embeddable":true,"href":"https:\/\/wittmunder-teehus.de\/wp-shop\/wp-json\/wp\/v2\/product_tag?post=4876"}],"curies":[{"name":"wp","href":"https:\/\/api.w.org\/{rel}","templated":true}]}}