{"id":4869,"date":"2018-07-15T21:19:17","date_gmt":"2018-07-15T19:19:17","guid":{"rendered":"https:\/\/wittmunder-teehus.de\/wp-shop\/?post_type=product&#038;p=4869"},"modified":"2026-03-11T12:55:03","modified_gmt":"2026-03-11T11:55:03","slug":"bruschetta","status":"publish","type":"product","link":"https:\/\/wittmunder-teehus.de\/wp-shop\/produkt\/bruschetta\/","title":{"rendered":"Bruschetta"},"content":{"rendered":"<p>Bruschetta, 100g T\u00fcte<br \/>\nBrotaufstrich mit w\u00fcrzigem Tomatengeschmack.<br \/>\nZutaten: Tomaten, Paprika, klare Br\u00fche (Meersalz, Glukosesirup, Maltodextrin, Zwiebeln, Palmfett, nat\u00fcrliches Aroma, Liebstockwurzel, Karotten, Macis, Wacholderbeeren, Lauch, Petersilie, Curcuma, Nelken), Knoblauch, Zwiebelflocken, Basilikum, Oregano<br \/>\nAuch lecker als Dipp: 1E\u00dfl. Bruschetta auf 200g Creme fraiche einr\u00fchren.<br \/>\nca. 1Std. ziehen lassen, Fertig!<\/p>\n","protected":false},"excerpt":{"rendered":"<p>Bruschetta, 100g T\u00fcte Brotaufstrich mit w\u00fcrzigem Tomatengeschmack. Zutaten: Tomaten, Paprika, klare Br\u00fche (Meersalz, Glukosesirup, Maltodextrin, Zwiebeln, Palmfett, nat\u00fcrliches Aroma, Liebstockwurzel, Karotten, Macis, Wacholderbeeren, Lauch, Petersilie, Curcuma, Nelken), Knoblauch, Zwiebelflocken, Basilikum, Oregano Auch lecker als Dipp: 1E\u00dfl. Bruschetta auf 200g Creme fraiche einr\u00fchren. ca. 1Std. ziehen lassen, Fertig!<\/p>\n","protected":false},"featured_media":4870,"comment_status":"closed","ping_status":"closed","template":"","meta":[],"product_brand":[],"product_cat":[28],"product_tag":[],"class_list":{"0":"post-4869","1":"product","2":"type-product","3":"status-publish","4":"has-post-thumbnail","6":"product_cat-kraeuter-gewuerze-dips-oele","8":"first","9":"instock","10":"taxable","11":"shipping-taxable","12":"purchasable","13":"product-type-simple"},"_links":{"self":[{"href":"https:\/\/wittmunder-teehus.de\/wp-shop\/wp-json\/wp\/v2\/product\/4869","targetHints":{"allow":["GET"]}}],"collection":[{"href":"https:\/\/wittmunder-teehus.de\/wp-shop\/wp-json\/wp\/v2\/product"}],"about":[{"href":"https:\/\/wittmunder-teehus.de\/wp-shop\/wp-json\/wp\/v2\/types\/product"}],"replies":[{"embeddable":true,"href":"https:\/\/wittmunder-teehus.de\/wp-shop\/wp-json\/wp\/v2\/comments?post=4869"}],"wp:featuredmedia":[{"embeddable":true,"href":"https:\/\/wittmunder-teehus.de\/wp-shop\/wp-json\/wp\/v2\/media\/4870"}],"wp:attachment":[{"href":"https:\/\/wittmunder-teehus.de\/wp-shop\/wp-json\/wp\/v2\/media?parent=4869"}],"wp:term":[{"taxonomy":"product_brand","embeddable":true,"href":"https:\/\/wittmunder-teehus.de\/wp-shop\/wp-json\/wp\/v2\/product_brand?post=4869"},{"taxonomy":"product_cat","embeddable":true,"href":"https:\/\/wittmunder-teehus.de\/wp-shop\/wp-json\/wp\/v2\/product_cat?post=4869"},{"taxonomy":"product_tag","embeddable":true,"href":"https:\/\/wittmunder-teehus.de\/wp-shop\/wp-json\/wp\/v2\/product_tag?post=4869"}],"curies":[{"name":"wp","href":"https:\/\/api.w.org\/{rel}","templated":true}]}}