{"id":4741,"date":"2018-05-03T21:51:48","date_gmt":"2018-05-03T19:51:48","guid":{"rendered":"https:\/\/wittmunder-teehus.de\/wp-shop\/?post_type=product&#038;p=4741"},"modified":"2026-03-11T12:55:03","modified_gmt":"2026-03-11T11:55:03","slug":"sanddorn-holunder-bonbons","status":"publish","type":"product","link":"https:\/\/wittmunder-teehus.de\/wp-shop\/produkt\/sanddorn-holunder-bonbons\/","title":{"rendered":"Sanddorn Holunder Bonbons"},"content":{"rendered":"<p>Bonbons mit Sanddornsaft. 120g<br \/>\nZutaten: Zucker, Glukosesirup, S\u00e4uerungsmittel Zitronens\u00e4ure, Sanddornsaft<br \/>\naus Saftkonzentrat, Aroma, Farbstoff: nat\u00fcrliches Paprika Aroma, E132.<\/p>\n<p>Im Durchschnitt je 100g:<br \/>\nEnergie 1535kJ(371kcal), Fett 0g(davon ges\u00e4ttigte Fetts\u00e4uren 0g,<br \/>\nKohlenhydrate 88,12g(davon Zucker 65,1g), Eiwei\u00df 0g, Salz 0g<\/p>\n","protected":false},"excerpt":{"rendered":"<p>Bonbons mit Sanddornsaft. 120g Zutaten: Zucker, Glukosesirup, S\u00e4uerungsmittel Zitronens\u00e4ure, Sanddornsaft aus Saftkonzentrat, Aroma, Farbstoff: nat\u00fcrliches Paprika Aroma, E132. Im Durchschnitt je 100g: Energie 1535kJ(371kcal), Fett 0g(davon ges\u00e4ttigte Fetts\u00e4uren 0g, Kohlenhydrate 88,12g(davon Zucker 65,1g), Eiwei\u00df 0g, Salz 0g<\/p>\n","protected":false},"featured_media":4742,"comment_status":"closed","ping_status":"closed","template":"","meta":[],"product_brand":[],"product_cat":[76],"product_tag":[],"class_list":{"0":"post-4741","1":"product","2":"type-product","3":"status-publish","4":"has-post-thumbnail","6":"product_cat-bonbons-kekse-schokolade","8":"first","9":"instock","10":"taxable","11":"shipping-taxable","12":"purchasable","13":"product-type-simple"},"_links":{"self":[{"href":"https:\/\/wittmunder-teehus.de\/wp-shop\/wp-json\/wp\/v2\/product\/4741","targetHints":{"allow":["GET"]}}],"collection":[{"href":"https:\/\/wittmunder-teehus.de\/wp-shop\/wp-json\/wp\/v2\/product"}],"about":[{"href":"https:\/\/wittmunder-teehus.de\/wp-shop\/wp-json\/wp\/v2\/types\/product"}],"replies":[{"embeddable":true,"href":"https:\/\/wittmunder-teehus.de\/wp-shop\/wp-json\/wp\/v2\/comments?post=4741"}],"wp:featuredmedia":[{"embeddable":true,"href":"https:\/\/wittmunder-teehus.de\/wp-shop\/wp-json\/wp\/v2\/media\/4742"}],"wp:attachment":[{"href":"https:\/\/wittmunder-teehus.de\/wp-shop\/wp-json\/wp\/v2\/media?parent=4741"}],"wp:term":[{"taxonomy":"product_brand","embeddable":true,"href":"https:\/\/wittmunder-teehus.de\/wp-shop\/wp-json\/wp\/v2\/product_brand?post=4741"},{"taxonomy":"product_cat","embeddable":true,"href":"https:\/\/wittmunder-teehus.de\/wp-shop\/wp-json\/wp\/v2\/product_cat?post=4741"},{"taxonomy":"product_tag","embeddable":true,"href":"https:\/\/wittmunder-teehus.de\/wp-shop\/wp-json\/wp\/v2\/product_tag?post=4741"}],"curies":[{"name":"wp","href":"https:\/\/api.w.org\/{rel}","templated":true}]}}