{"id":4706,"date":"2018-04-24T19:48:12","date_gmt":"2018-04-24T17:48:12","guid":{"rendered":"https:\/\/wittmunder-teehus.de\/wp-shop\/?post_type=product&#038;p=4706"},"modified":"2026-03-11T12:55:03","modified_gmt":"2026-03-11T11:55:03","slug":"schlafmuetze","status":"publish","type":"product","link":"https:\/\/wittmunder-teehus.de\/wp-shop\/produkt\/schlafmuetze\/","title":{"rendered":"Kr\u00e4utertee Schlafm\u00fctze"},"content":{"rendered":"<p>Kr\u00e4utertee <strong>k<\/strong>lasse.<strong>b<\/strong>estes.<strong>A<\/strong>ngebot<\/p>\n<p>Zutaten: Baldrianwurzel, Melissenbl\u00e4tter, Hagebuttenschalen, Lavendelbl\u00fcten, Rosmarin-<br \/>\nund Pfefferminzbl\u00e4tter, Ringelblumenbl\u00fcten.<\/p>\n","protected":false},"excerpt":{"rendered":"<p>Kr\u00e4utertee klasse.bestes.Angebot Zutaten: Baldrianwurzel, Melissenbl\u00e4tter, Hagebuttenschalen, Lavendelbl\u00fcten, Rosmarin- und Pfefferminzbl\u00e4tter, Ringelblumenbl\u00fcten.<\/p>\n","protected":false},"featured_media":4721,"comment_status":"closed","ping_status":"closed","template":"","meta":[],"product_brand":[],"product_cat":[17],"product_tag":[],"class_list":{"0":"post-4706","1":"product","2":"type-product","3":"status-publish","4":"has-post-thumbnail","6":"product_cat-teeliste","8":"first","9":"instock","10":"taxable","11":"shipping-taxable","12":"purchasable","13":"product-type-variable"},"_links":{"self":[{"href":"https:\/\/wittmunder-teehus.de\/wp-shop\/wp-json\/wp\/v2\/product\/4706","targetHints":{"allow":["GET"]}}],"collection":[{"href":"https:\/\/wittmunder-teehus.de\/wp-shop\/wp-json\/wp\/v2\/product"}],"about":[{"href":"https:\/\/wittmunder-teehus.de\/wp-shop\/wp-json\/wp\/v2\/types\/product"}],"replies":[{"embeddable":true,"href":"https:\/\/wittmunder-teehus.de\/wp-shop\/wp-json\/wp\/v2\/comments?post=4706"}],"wp:featuredmedia":[{"embeddable":true,"href":"https:\/\/wittmunder-teehus.de\/wp-shop\/wp-json\/wp\/v2\/media\/4721"}],"wp:attachment":[{"href":"https:\/\/wittmunder-teehus.de\/wp-shop\/wp-json\/wp\/v2\/media?parent=4706"}],"wp:term":[{"taxonomy":"product_brand","embeddable":true,"href":"https:\/\/wittmunder-teehus.de\/wp-shop\/wp-json\/wp\/v2\/product_brand?post=4706"},{"taxonomy":"product_cat","embeddable":true,"href":"https:\/\/wittmunder-teehus.de\/wp-shop\/wp-json\/wp\/v2\/product_cat?post=4706"},{"taxonomy":"product_tag","embeddable":true,"href":"https:\/\/wittmunder-teehus.de\/wp-shop\/wp-json\/wp\/v2\/product_tag?post=4706"}],"curies":[{"name":"wp","href":"https:\/\/api.w.org\/{rel}","templated":true}]}}