{"id":4600,"date":"2018-04-05T22:11:53","date_gmt":"2018-04-05T20:11:53","guid":{"rendered":"https:\/\/wittmunder-teehus.de\/wp-shop\/?post_type=product&#038;p=4600"},"modified":"2026-03-11T12:55:04","modified_gmt":"2026-03-11T11:55:04","slug":"sonnenblumen-honig","status":"publish","type":"product","link":"https:\/\/wittmunder-teehus.de\/wp-shop\/produkt\/sonnenblumen-honig\/","title":{"rendered":"Sonnenblumen Honig"},"content":{"rendered":"<p>Sonnenblumen Honig 50g Glas<br \/>\nCremig und aromatisch<\/p>\n<p>N\u00e4hrwertangaben je 100g: Brennwert 1282kj\/302kcal<br \/>\nFett &lt;0,0g, davon ges\u00e4ttigte Fetts\u00e4uren &lt;0,0g<br \/>\nKohlenhydrate 75,1g, davon Zucker 75,1g<br \/>\nEiwei\u00df 0,0g, Salz &lt;0,0g<\/p>\n","protected":false},"excerpt":{"rendered":"<p>Sonnenblumen Honig 50g Glas Cremig und aromatisch N\u00e4hrwertangaben je 100g: Brennwert 1282kj\/302kcal Fett &lt;0,0g, davon ges\u00e4ttigte Fetts\u00e4uren &lt;0,0g Kohlenhydrate 75,1g, davon Zucker 75,1g Eiwei\u00df 0,0g, Salz &lt;0,0g<\/p>\n","protected":false},"featured_media":8506,"comment_status":"closed","ping_status":"closed","template":"","meta":[],"product_brand":[],"product_cat":[25],"product_tag":[],"class_list":{"0":"post-4600","1":"product","2":"type-product","3":"status-publish","4":"has-post-thumbnail","6":"product_cat-zuckerhonigsirup","8":"first","9":"instock","10":"taxable","11":"shipping-taxable","12":"purchasable","13":"product-type-simple"},"_links":{"self":[{"href":"https:\/\/wittmunder-teehus.de\/wp-shop\/wp-json\/wp\/v2\/product\/4600","targetHints":{"allow":["GET"]}}],"collection":[{"href":"https:\/\/wittmunder-teehus.de\/wp-shop\/wp-json\/wp\/v2\/product"}],"about":[{"href":"https:\/\/wittmunder-teehus.de\/wp-shop\/wp-json\/wp\/v2\/types\/product"}],"replies":[{"embeddable":true,"href":"https:\/\/wittmunder-teehus.de\/wp-shop\/wp-json\/wp\/v2\/comments?post=4600"}],"wp:featuredmedia":[{"embeddable":true,"href":"https:\/\/wittmunder-teehus.de\/wp-shop\/wp-json\/wp\/v2\/media\/8506"}],"wp:attachment":[{"href":"https:\/\/wittmunder-teehus.de\/wp-shop\/wp-json\/wp\/v2\/media?parent=4600"}],"wp:term":[{"taxonomy":"product_brand","embeddable":true,"href":"https:\/\/wittmunder-teehus.de\/wp-shop\/wp-json\/wp\/v2\/product_brand?post=4600"},{"taxonomy":"product_cat","embeddable":true,"href":"https:\/\/wittmunder-teehus.de\/wp-shop\/wp-json\/wp\/v2\/product_cat?post=4600"},{"taxonomy":"product_tag","embeddable":true,"href":"https:\/\/wittmunder-teehus.de\/wp-shop\/wp-json\/wp\/v2\/product_tag?post=4600"}],"curies":[{"name":"wp","href":"https:\/\/api.w.org\/{rel}","templated":true}]}}