{"id":4590,"date":"2018-04-05T21:38:56","date_gmt":"2018-04-05T19:38:56","guid":{"rendered":"https:\/\/wittmunder-teehus.de\/wp-shop\/?post_type=product&#038;p=4590"},"modified":"2026-03-11T12:55:04","modified_gmt":"2026-03-11T11:55:04","slug":"erdbeere-in-honig-50g","status":"publish","type":"product","link":"https:\/\/wittmunder-teehus.de\/wp-shop\/produkt\/erdbeere-in-honig-50g\/","title":{"rendered":"Erdbeere in Honig 50g"},"content":{"rendered":"<p>Erdbeere in Honig 50g Glas<br \/>\nHonigzubereitung &#8211; eine k\u00f6stliche Komposition aus Honig und Frucht.<br \/>\nZutaten: Honig, Erdbeersaft und Fruchtkonzentrat (10%),<br \/>\nAroma, Farbstoff: Carmin<\/p>\n<p>N\u00e4hrwertangaben je 100g: Brennwert 1365kj\/303kcal<br \/>\nFett &lt;0,5g, davon ges\u00e4ttigte Fetts\u00e4uren &lt;0,1g<br \/>\nKohlenhydrate 75g, davon Zucker 72,8g<br \/>\nEiwei\u00df &lt;0,5g, Salz &lt;0,01g<\/p>\n","protected":false},"excerpt":{"rendered":"<p>Erdbeere in Honig 50g Glas Honigzubereitung &#8211; eine k\u00f6stliche Komposition aus Honig und Frucht. Zutaten: Honig, Erdbeersaft und Fruchtkonzentrat (10%), Aroma, Farbstoff: Carmin N\u00e4hrwertangaben je 100g: Brennwert 1365kj\/303kcal Fett &lt;0,5g, davon ges\u00e4ttigte Fetts\u00e4uren &lt;0,1g Kohlenhydrate 75g, davon Zucker 72,8g Eiwei\u00df &lt;0,5g, Salz &lt;0,01g<\/p>\n","protected":false},"featured_media":4591,"comment_status":"closed","ping_status":"closed","template":"","meta":[],"product_brand":[],"product_cat":[25],"product_tag":[],"class_list":{"0":"post-4590","1":"product","2":"type-product","3":"status-publish","4":"has-post-thumbnail","6":"product_cat-zuckerhonigsirup","8":"first","9":"instock","10":"taxable","11":"shipping-taxable","12":"purchasable","13":"product-type-simple"},"_links":{"self":[{"href":"https:\/\/wittmunder-teehus.de\/wp-shop\/wp-json\/wp\/v2\/product\/4590","targetHints":{"allow":["GET"]}}],"collection":[{"href":"https:\/\/wittmunder-teehus.de\/wp-shop\/wp-json\/wp\/v2\/product"}],"about":[{"href":"https:\/\/wittmunder-teehus.de\/wp-shop\/wp-json\/wp\/v2\/types\/product"}],"replies":[{"embeddable":true,"href":"https:\/\/wittmunder-teehus.de\/wp-shop\/wp-json\/wp\/v2\/comments?post=4590"}],"wp:featuredmedia":[{"embeddable":true,"href":"https:\/\/wittmunder-teehus.de\/wp-shop\/wp-json\/wp\/v2\/media\/4591"}],"wp:attachment":[{"href":"https:\/\/wittmunder-teehus.de\/wp-shop\/wp-json\/wp\/v2\/media?parent=4590"}],"wp:term":[{"taxonomy":"product_brand","embeddable":true,"href":"https:\/\/wittmunder-teehus.de\/wp-shop\/wp-json\/wp\/v2\/product_brand?post=4590"},{"taxonomy":"product_cat","embeddable":true,"href":"https:\/\/wittmunder-teehus.de\/wp-shop\/wp-json\/wp\/v2\/product_cat?post=4590"},{"taxonomy":"product_tag","embeddable":true,"href":"https:\/\/wittmunder-teehus.de\/wp-shop\/wp-json\/wp\/v2\/product_tag?post=4590"}],"curies":[{"name":"wp","href":"https:\/\/api.w.org\/{rel}","templated":true}]}}