{"id":4490,"date":"2018-03-14T20:02:50","date_gmt":"2018-03-14T19:02:50","guid":{"rendered":"https:\/\/wittmunder-teehus.de\/wp-shop\/?post_type=product&#038;p=4490"},"modified":"2026-03-11T12:55:05","modified_gmt":"2026-03-11T11:55:05","slug":"chakalaka","status":"publish","type":"product","link":"https:\/\/wittmunder-teehus.de\/wp-shop\/produkt\/chakalaka\/","title":{"rendered":"Chakalaka"},"content":{"rendered":"<p>Chakalaka, 100g<br \/>\nZutaten: Tomatenflocken, Zwiebel, Meersalz (20%), Chilischrot, Paprikaflocken rot, Suppengew\u00fcrz (Karotten, Pastinaken, Petersilie, Schnittlauch, <strong>Selleriebl\u00e4tter<\/strong>), Pfeffer schwarz<br \/>\nGew\u00fcrzzubereitung ohne zugesetztes Glutamat<\/p>\n","protected":false},"excerpt":{"rendered":"<p>Chakalaka, 100g Zutaten: Tomatenflocken, Zwiebel, Meersalz (20%), Chilischrot, Paprikaflocken rot, Suppengew\u00fcrz (Karotten, Pastinaken, Petersilie, Schnittlauch, Selleriebl\u00e4tter), Pfeffer schwarz Gew\u00fcrzzubereitung ohne zugesetztes Glutamat<\/p>\n","protected":false},"featured_media":4491,"comment_status":"closed","ping_status":"closed","template":"","meta":[],"product_brand":[],"product_cat":[28],"product_tag":[],"class_list":{"0":"post-4490","1":"product","2":"type-product","3":"status-publish","4":"has-post-thumbnail","6":"product_cat-kraeuter-gewuerze-dips-oele","8":"first","9":"instock","10":"taxable","11":"shipping-taxable","12":"purchasable","13":"product-type-simple"},"_links":{"self":[{"href":"https:\/\/wittmunder-teehus.de\/wp-shop\/wp-json\/wp\/v2\/product\/4490","targetHints":{"allow":["GET"]}}],"collection":[{"href":"https:\/\/wittmunder-teehus.de\/wp-shop\/wp-json\/wp\/v2\/product"}],"about":[{"href":"https:\/\/wittmunder-teehus.de\/wp-shop\/wp-json\/wp\/v2\/types\/product"}],"replies":[{"embeddable":true,"href":"https:\/\/wittmunder-teehus.de\/wp-shop\/wp-json\/wp\/v2\/comments?post=4490"}],"wp:featuredmedia":[{"embeddable":true,"href":"https:\/\/wittmunder-teehus.de\/wp-shop\/wp-json\/wp\/v2\/media\/4491"}],"wp:attachment":[{"href":"https:\/\/wittmunder-teehus.de\/wp-shop\/wp-json\/wp\/v2\/media?parent=4490"}],"wp:term":[{"taxonomy":"product_brand","embeddable":true,"href":"https:\/\/wittmunder-teehus.de\/wp-shop\/wp-json\/wp\/v2\/product_brand?post=4490"},{"taxonomy":"product_cat","embeddable":true,"href":"https:\/\/wittmunder-teehus.de\/wp-shop\/wp-json\/wp\/v2\/product_cat?post=4490"},{"taxonomy":"product_tag","embeddable":true,"href":"https:\/\/wittmunder-teehus.de\/wp-shop\/wp-json\/wp\/v2\/product_tag?post=4490"}],"curies":[{"name":"wp","href":"https:\/\/api.w.org\/{rel}","templated":true}]}}