{"id":4454,"date":"2018-03-09T21:52:50","date_gmt":"2018-03-09T20:52:50","guid":{"rendered":"https:\/\/wittmunder-teehus.de\/wp-shop\/?post_type=product&#038;p=4454"},"modified":"2026-03-11T12:55:05","modified_gmt":"2026-03-11T11:55:05","slug":"walnussoel-nativ","status":"publish","type":"product","link":"https:\/\/wittmunder-teehus.de\/wp-shop\/produkt\/walnussoel-nativ\/","title":{"rendered":"Walnuss\u00f6l nativ"},"content":{"rendered":"<p>Walnuss\u00f6l 100ml <strong>k<\/strong>lasse.<strong>b<\/strong>estes.<strong>A<\/strong>ngebot<br \/>\nDas aus den unger\u00f6steten N\u00fcssen des Walnussbaumes durch kalte Pressung gewonnene Walnuss\u00f6l ist sehr hochwertig und bek\u00f6mmlich (auch f\u00fcr Kleinkinder). Das Walnuss\u00f6l besticht durch einen feinherb-nussigen Geschmack und eine bernsteingelbe Farbe. Auch durch seine Zusammensetzung \u00fcberzeugt Walnuss\u00f6l durch einem hohen Anteil an Omega-6-Fetts\u00e4uren. In der kalten und warmen K\u00fcche ist Walnuss\u00f6l wegen seines fein herben mild nussigen Geschmacks \u00e4u\u00dferst beliebt.<br \/>\nWalnuss\u00f6l ist sehr oxidationsempfindlich und sollte daher unbedingt gut verschlossen, dunkel und k\u00fchl aufbewahrt werden. Frisches Walnuss\u00f6l ist 9 bis 12 Monate haltbar.<\/p>\n<p>Walnuss\u00f6l ist ein hochwertiges Speise\u00f6l, denn es enth\u00e4lt &gt; 10% der essenziellen Omega-3-Fetts\u00e4ure. Alpha-Linolens\u00e4ure (essenzielle Omega-3-Fetts\u00e4ure) tr\u00e4gt zur Aufrechterhaltung eines normalen Cholesterinspiegels im Blut bei. Schon 1 -2 Essl\u00f6ffel (10 g) decken den t\u00e4glichen Bedarf an Omega-3-Fetts\u00e4uren eines Erwachsenen.<\/p>\n<p>Durchschnittlicher Energie- und N\u00e4hrstoffgehalt von 100 g Walnuss\u00f6l<br \/>\nErnergie 3700kJ \/ 900kcal Fett 100g<br \/>\ndavon ges\u00e4ttigte Fetts\u00e4uren 9,2g einfach unges\u00e4ttigte Fetts\u00e4uren 16,8g mehrfach unges\u00e4ttigte Fetts\u00e4uren 74g<br \/>\nKohlenhydrate 0g davon Zucker 0g Ballaststoffe 0g Eiwei\u00df 0g Salz 0g<\/p>\n<p>Vitamin E 11mg (91 %**) **Prozent der Referenzmenge f\u00fcr die t\u00e4gliche Zufuhr<\/p>\n<p>Genie\u00dfen Sie unsere \u00d6le im Rahmen einer abwechslungsreichen und ausgewogenen Ern\u00e4hrung.<\/p>\n<p>\u00d6l ist ein Naturprodukt, das in seiner Zusammensetzung nat\u00fcrlichen Schwankungen unterliegt. Bei den Angaben handelt es sich um typische Mittelwerte.<br \/>\nZutaten: Walnuss\u00f6l<\/p>\n","protected":false},"excerpt":{"rendered":"<p>Walnuss\u00f6l 100ml klasse.bestes.Angebot Das aus den unger\u00f6steten N\u00fcssen des Walnussbaumes durch kalte Pressung gewonnene Walnuss\u00f6l ist sehr hochwertig und bek\u00f6mmlich (auch f\u00fcr Kleinkinder). Das Walnuss\u00f6l besticht durch einen feinherb-nussigen Geschmack und eine bernsteingelbe Farbe. Auch durch seine Zusammensetzung \u00fcberzeugt Walnuss\u00f6l durch einem hohen Anteil an Omega-6-Fetts\u00e4uren. In der kalten und warmen K\u00fcche ist Walnuss\u00f6l wegen [&hellip;]<\/p>\n","protected":false},"featured_media":4455,"comment_status":"closed","ping_status":"closed","template":"","meta":[],"product_brand":[],"product_cat":[28],"product_tag":[],"class_list":{"0":"post-4454","1":"product","2":"type-product","3":"status-publish","4":"has-post-thumbnail","6":"product_cat-kraeuter-gewuerze-dips-oele","8":"first","9":"instock","10":"taxable","11":"shipping-taxable","12":"purchasable","13":"product-type-simple"},"_links":{"self":[{"href":"https:\/\/wittmunder-teehus.de\/wp-shop\/wp-json\/wp\/v2\/product\/4454","targetHints":{"allow":["GET"]}}],"collection":[{"href":"https:\/\/wittmunder-teehus.de\/wp-shop\/wp-json\/wp\/v2\/product"}],"about":[{"href":"https:\/\/wittmunder-teehus.de\/wp-shop\/wp-json\/wp\/v2\/types\/product"}],"replies":[{"embeddable":true,"href":"https:\/\/wittmunder-teehus.de\/wp-shop\/wp-json\/wp\/v2\/comments?post=4454"}],"wp:featuredmedia":[{"embeddable":true,"href":"https:\/\/wittmunder-teehus.de\/wp-shop\/wp-json\/wp\/v2\/media\/4455"}],"wp:attachment":[{"href":"https:\/\/wittmunder-teehus.de\/wp-shop\/wp-json\/wp\/v2\/media?parent=4454"}],"wp:term":[{"taxonomy":"product_brand","embeddable":true,"href":"https:\/\/wittmunder-teehus.de\/wp-shop\/wp-json\/wp\/v2\/product_brand?post=4454"},{"taxonomy":"product_cat","embeddable":true,"href":"https:\/\/wittmunder-teehus.de\/wp-shop\/wp-json\/wp\/v2\/product_cat?post=4454"},{"taxonomy":"product_tag","embeddable":true,"href":"https:\/\/wittmunder-teehus.de\/wp-shop\/wp-json\/wp\/v2\/product_tag?post=4454"}],"curies":[{"name":"wp","href":"https:\/\/api.w.org\/{rel}","templated":true}]}}