{"id":434,"date":"2015-11-20T17:59:01","date_gmt":"2015-11-20T16:59:01","guid":{"rendered":"http:\/\/wittmunder-teehus.de.w0135315.kasserver.com\/wp-shop\/?post_type=product&#038;p=434"},"modified":"2026-03-11T12:58:31","modified_gmt":"2026-03-11T11:58:31","slug":"raeubertrunk","status":"publish","type":"product","link":"https:\/\/wittmunder-teehus.de\/wp-shop\/produkt\/raeubertrunk\/","title":{"rendered":"Schwarzer Tee R\u00e4ubertrunk"},"content":{"rendered":"<p>Der schmeckt nicht nur Ali Baba und seinen Mannen. Eine Mischung schwarzer und<br \/>\ngr\u00fcner Tees mit Mango-Tropic-Aroma<br \/>\nZutaten: Schwarzer Tee, gr\u00fcner Sencha, Sonnenblumen- und Jasminbl\u00fcten,<br \/>\nRosenbl\u00fctenbl\u00e4tter, Aroma<\/p>\n","protected":false},"excerpt":{"rendered":"<p>Der schmeckt nicht nur Ali Baba und seinen Mannen. Eine Mischung schwarzer und gr\u00fcner Tees mit Mango-Tropic-Aroma Zutaten: Schwarzer Tee, gr\u00fcner Sencha, Sonnenblumen- und Jasminbl\u00fcten, Rosenbl\u00fctenbl\u00e4tter, Aroma<\/p>\n","protected":false},"featured_media":439,"comment_status":"closed","ping_status":"closed","template":"","meta":[],"product_brand":[],"product_cat":[53],"product_tag":[],"class_list":{"0":"post-434","1":"product","2":"type-product","3":"status-publish","4":"has-post-thumbnail","6":"product_cat-schwarztee","8":"first","9":"instock","10":"taxable","11":"shipping-taxable","12":"purchasable","13":"product-type-variable"},"_links":{"self":[{"href":"https:\/\/wittmunder-teehus.de\/wp-shop\/wp-json\/wp\/v2\/product\/434","targetHints":{"allow":["GET"]}}],"collection":[{"href":"https:\/\/wittmunder-teehus.de\/wp-shop\/wp-json\/wp\/v2\/product"}],"about":[{"href":"https:\/\/wittmunder-teehus.de\/wp-shop\/wp-json\/wp\/v2\/types\/product"}],"replies":[{"embeddable":true,"href":"https:\/\/wittmunder-teehus.de\/wp-shop\/wp-json\/wp\/v2\/comments?post=434"}],"wp:featuredmedia":[{"embeddable":true,"href":"https:\/\/wittmunder-teehus.de\/wp-shop\/wp-json\/wp\/v2\/media\/439"}],"wp:attachment":[{"href":"https:\/\/wittmunder-teehus.de\/wp-shop\/wp-json\/wp\/v2\/media?parent=434"}],"wp:term":[{"taxonomy":"product_brand","embeddable":true,"href":"https:\/\/wittmunder-teehus.de\/wp-shop\/wp-json\/wp\/v2\/product_brand?post=434"},{"taxonomy":"product_cat","embeddable":true,"href":"https:\/\/wittmunder-teehus.de\/wp-shop\/wp-json\/wp\/v2\/product_cat?post=434"},{"taxonomy":"product_tag","embeddable":true,"href":"https:\/\/wittmunder-teehus.de\/wp-shop\/wp-json\/wp\/v2\/product_tag?post=434"}],"curies":[{"name":"wp","href":"https:\/\/api.w.org\/{rel}","templated":true}]}}