{"id":4334,"date":"2017-12-06T21:09:41","date_gmt":"2017-12-06T20:09:41","guid":{"rendered":"https:\/\/wittmunder-teehus.de\/wp-shop\/?post_type=product&#038;p=4334"},"modified":"2026-03-11T12:55:05","modified_gmt":"2026-03-11T11:55:05","slug":"sanddorn-sahne-bonbons","status":"publish","type":"product","link":"https:\/\/wittmunder-teehus.de\/wp-shop\/produkt\/sanddorn-sahne-bonbons\/","title":{"rendered":"Sanddorn Sahne Bonbons"},"content":{"rendered":"<p>Bonbons mit Sanddornfruchtsaft. 120g<br \/>\nZutaten: Zucker, Glukosesirup, S\u00e4uerungsmittel Zitronens\u00e4ure,<br \/>\nSanddornsaft aus Saftkonzentrat, Aroma, <strong>Sahne,<\/strong><br \/>\nFarbstoff: nat\u00fcrliches Paprika Aroma.<\/p>\n<p>Im Durchschnitt je 100g:<br \/>\nEnergie 1630kJ(384kcal), Fett 0g(davon ges\u00e4ttigte Fetts\u00e4uren 0g,<br \/>\nKohlenhydrate 96g(davon Zucker 69g), Eiwei\u00df 0g, Salz 0g<\/p>\n","protected":false},"excerpt":{"rendered":"<p>Bonbons mit Sanddornfruchtsaft. 120g Zutaten: Zucker, Glukosesirup, S\u00e4uerungsmittel Zitronens\u00e4ure, Sanddornsaft aus Saftkonzentrat, Aroma, Sahne, Farbstoff: nat\u00fcrliches Paprika Aroma. Im Durchschnitt je 100g: Energie 1630kJ(384kcal), Fett 0g(davon ges\u00e4ttigte Fetts\u00e4uren 0g, Kohlenhydrate 96g(davon Zucker 69g), Eiwei\u00df 0g, Salz 0g<\/p>\n","protected":false},"featured_media":4335,"comment_status":"closed","ping_status":"closed","template":"","meta":[],"product_brand":[],"product_cat":[76],"product_tag":[],"class_list":{"0":"post-4334","1":"product","2":"type-product","3":"status-publish","4":"has-post-thumbnail","6":"product_cat-bonbons-kekse-schokolade","8":"first","9":"instock","10":"taxable","11":"shipping-taxable","12":"purchasable","13":"product-type-simple"},"_links":{"self":[{"href":"https:\/\/wittmunder-teehus.de\/wp-shop\/wp-json\/wp\/v2\/product\/4334","targetHints":{"allow":["GET"]}}],"collection":[{"href":"https:\/\/wittmunder-teehus.de\/wp-shop\/wp-json\/wp\/v2\/product"}],"about":[{"href":"https:\/\/wittmunder-teehus.de\/wp-shop\/wp-json\/wp\/v2\/types\/product"}],"replies":[{"embeddable":true,"href":"https:\/\/wittmunder-teehus.de\/wp-shop\/wp-json\/wp\/v2\/comments?post=4334"}],"wp:featuredmedia":[{"embeddable":true,"href":"https:\/\/wittmunder-teehus.de\/wp-shop\/wp-json\/wp\/v2\/media\/4335"}],"wp:attachment":[{"href":"https:\/\/wittmunder-teehus.de\/wp-shop\/wp-json\/wp\/v2\/media?parent=4334"}],"wp:term":[{"taxonomy":"product_brand","embeddable":true,"href":"https:\/\/wittmunder-teehus.de\/wp-shop\/wp-json\/wp\/v2\/product_brand?post=4334"},{"taxonomy":"product_cat","embeddable":true,"href":"https:\/\/wittmunder-teehus.de\/wp-shop\/wp-json\/wp\/v2\/product_cat?post=4334"},{"taxonomy":"product_tag","embeddable":true,"href":"https:\/\/wittmunder-teehus.de\/wp-shop\/wp-json\/wp\/v2\/product_tag?post=4334"}],"curies":[{"name":"wp","href":"https:\/\/api.w.org\/{rel}","templated":true}]}}