{"id":4226,"date":"2017-11-22T21:03:21","date_gmt":"2017-11-22T20:03:21","guid":{"rendered":"https:\/\/wittmunder-teehus.de\/wp-shop\/?post_type=product&#038;p=4226"},"modified":"2026-03-11T12:55:06","modified_gmt":"2026-03-11T11:55:06","slug":"friesenpoettchen-fahrrad-mit-spruch","status":"publish","type":"product","link":"https:\/\/wittmunder-teehus.de\/wp-shop\/produkt\/friesenpoettchen-fahrrad-mit-spruch\/","title":{"rendered":"Friesenp\u00f6ttchen Fahrrad mit Spruch"},"content":{"rendered":"<p>Material: Porzellan<br \/>\nFarbe: weiss<br \/>\nMotiv: Fahrrad und Spruch &#8222;Gott schuf die Zeit, von Eile hat er nichts gesagt.&#8220;<br \/>\nFassungsverm\u00f6gen in ml: ca. 140 normale Einf\u00fcllmenge (Herstellerangabe 150ml)<br \/>\nH\u00f6he in mm: ca. 78<br \/>\nDurchmesser in mm: ca. (\u00d6ffnung oben von Rand zu Rand) 78mm diagonal gemessen<br \/>\nGewicht netto: ca. zwischen ca. 160 und 180 Gramm je Becher<br \/>\nProduktart \/ Verwendung: Friesenp\u00f6ttchen, Porzellanbecher, Becher, Tee, Kaffee etc.<\/p>\n","protected":false},"excerpt":{"rendered":"<p>Material: Porzellan Farbe: weiss Motiv: Fahrrad und Spruch &#8222;Gott schuf die Zeit, von Eile hat er nichts gesagt.&#8220; Fassungsverm\u00f6gen in ml: ca. 140 normale Einf\u00fcllmenge (Herstellerangabe 150ml) H\u00f6he in mm: ca. 78 Durchmesser in mm: ca. (\u00d6ffnung oben von Rand zu Rand) 78mm diagonal gemessen Gewicht netto: ca. zwischen ca. 160 und 180 Gramm je [&hellip;]<\/p>\n","protected":false},"featured_media":4227,"comment_status":"closed","ping_status":"closed","template":"","meta":[],"product_brand":[],"product_cat":[33,32],"product_tag":[],"class_list":{"0":"post-4226","1":"product","2":"type-product","3":"status-publish","4":"has-post-thumbnail","6":"product_cat-becher-und-tassen","7":"product_cat-porzellan","9":"first","10":"instock","11":"taxable","12":"shipping-taxable","13":"purchasable","14":"product-type-simple"},"_links":{"self":[{"href":"https:\/\/wittmunder-teehus.de\/wp-shop\/wp-json\/wp\/v2\/product\/4226","targetHints":{"allow":["GET"]}}],"collection":[{"href":"https:\/\/wittmunder-teehus.de\/wp-shop\/wp-json\/wp\/v2\/product"}],"about":[{"href":"https:\/\/wittmunder-teehus.de\/wp-shop\/wp-json\/wp\/v2\/types\/product"}],"replies":[{"embeddable":true,"href":"https:\/\/wittmunder-teehus.de\/wp-shop\/wp-json\/wp\/v2\/comments?post=4226"}],"wp:featuredmedia":[{"embeddable":true,"href":"https:\/\/wittmunder-teehus.de\/wp-shop\/wp-json\/wp\/v2\/media\/4227"}],"wp:attachment":[{"href":"https:\/\/wittmunder-teehus.de\/wp-shop\/wp-json\/wp\/v2\/media?parent=4226"}],"wp:term":[{"taxonomy":"product_brand","embeddable":true,"href":"https:\/\/wittmunder-teehus.de\/wp-shop\/wp-json\/wp\/v2\/product_brand?post=4226"},{"taxonomy":"product_cat","embeddable":true,"href":"https:\/\/wittmunder-teehus.de\/wp-shop\/wp-json\/wp\/v2\/product_cat?post=4226"},{"taxonomy":"product_tag","embeddable":true,"href":"https:\/\/wittmunder-teehus.de\/wp-shop\/wp-json\/wp\/v2\/product_tag?post=4226"}],"curies":[{"name":"wp","href":"https:\/\/api.w.org\/{rel}","templated":true}]}}