{"id":4215,"date":"2017-11-22T20:22:08","date_gmt":"2017-11-22T19:22:08","guid":{"rendered":"https:\/\/wittmunder-teehus.de\/wp-shop\/?post_type=product&#038;p=4215"},"modified":"2026-03-11T12:55:06","modified_gmt":"2026-03-11T11:55:06","slug":"der-becher-wiesenblumen-und-graeser","status":"publish","type":"product","link":"https:\/\/wittmunder-teehus.de\/wp-shop\/produkt\/der-becher-wiesenblumen-und-graeser\/","title":{"rendered":"Der Becher Wiesenblumen und Gr\u00e4ser"},"content":{"rendered":"<p>Fine BONE CHINA Becher Wiesenblumen und Gr\u00e4ser<br \/>\nMaterial: Fine BONE CHINA<br \/>\nFarbe: weiss<br \/>\nMotiv: Wiesenblumen und Gr\u00e4ser<br \/>\nFassungsverm\u00f6gen in ml: ca. 340 normale Einf\u00fcllmenge (Herstellerangabe 400ml)<br \/>\nH\u00f6he in mm: ca. 110<br \/>\nDurchmesser in mm: ca. (\u00d6ffnung oben von Rand zu Rand) 98 diagonal gemessen<br \/>\nGewicht netto: ca. zwischen ca. 210 und 260 Gramm je Becher<br \/>\nProduktart \/ Verwendung: BONE CHINA, Becher, Tee, Kaffee etc.<\/p>\n","protected":false},"excerpt":{"rendered":"<p>Fine BONE CHINA Becher Wiesenblumen und Gr\u00e4ser Material: Fine BONE CHINA Farbe: weiss Motiv: Wiesenblumen und Gr\u00e4ser Fassungsverm\u00f6gen in ml: ca. 340 normale Einf\u00fcllmenge (Herstellerangabe 400ml) H\u00f6he in mm: ca. 110 Durchmesser in mm: ca. (\u00d6ffnung oben von Rand zu Rand) 98 diagonal gemessen Gewicht netto: ca. zwischen ca. 210 und 260 Gramm je Becher [&hellip;]<\/p>\n","protected":false},"featured_media":4216,"comment_status":"closed","ping_status":"closed","template":"","meta":[],"product_brand":[],"product_cat":[33,32],"product_tag":[],"class_list":{"0":"post-4215","1":"product","2":"type-product","3":"status-publish","4":"has-post-thumbnail","6":"product_cat-becher-und-tassen","7":"product_cat-porzellan","9":"first","10":"instock","11":"taxable","12":"shipping-taxable","13":"purchasable","14":"product-type-simple"},"_links":{"self":[{"href":"https:\/\/wittmunder-teehus.de\/wp-shop\/wp-json\/wp\/v2\/product\/4215","targetHints":{"allow":["GET"]}}],"collection":[{"href":"https:\/\/wittmunder-teehus.de\/wp-shop\/wp-json\/wp\/v2\/product"}],"about":[{"href":"https:\/\/wittmunder-teehus.de\/wp-shop\/wp-json\/wp\/v2\/types\/product"}],"replies":[{"embeddable":true,"href":"https:\/\/wittmunder-teehus.de\/wp-shop\/wp-json\/wp\/v2\/comments?post=4215"}],"wp:featuredmedia":[{"embeddable":true,"href":"https:\/\/wittmunder-teehus.de\/wp-shop\/wp-json\/wp\/v2\/media\/4216"}],"wp:attachment":[{"href":"https:\/\/wittmunder-teehus.de\/wp-shop\/wp-json\/wp\/v2\/media?parent=4215"}],"wp:term":[{"taxonomy":"product_brand","embeddable":true,"href":"https:\/\/wittmunder-teehus.de\/wp-shop\/wp-json\/wp\/v2\/product_brand?post=4215"},{"taxonomy":"product_cat","embeddable":true,"href":"https:\/\/wittmunder-teehus.de\/wp-shop\/wp-json\/wp\/v2\/product_cat?post=4215"},{"taxonomy":"product_tag","embeddable":true,"href":"https:\/\/wittmunder-teehus.de\/wp-shop\/wp-json\/wp\/v2\/product_tag?post=4215"}],"curies":[{"name":"wp","href":"https:\/\/api.w.org\/{rel}","templated":true}]}}