{"id":392,"date":"2015-09-21T11:32:17","date_gmt":"2015-09-21T09:32:17","guid":{"rendered":"http:\/\/wittmunder-teehus.de.w0135315.kasserver.com\/wp-shop\/?post_type=product&#038;p=392"},"modified":"2026-03-11T12:58:31","modified_gmt":"2026-03-11T11:58:31","slug":"der-fitte-friese","status":"publish","type":"product","link":"https:\/\/wittmunder-teehus.de\/wp-shop\/produkt\/der-fitte-friese\/","title":{"rendered":"Kr\u00e4utertee Der fitte Friese"},"content":{"rendered":"<p>Zutaten: Apfelst\u00fccke, Hagebuttenschalen, Erdbeer-, Himbeer-, Brombeerbl\u00e4tter, Holunderbeeren, Sonnenblumenbl\u00fctenbl\u00e4tter, Acerolafruchtpulver <b>(Lactose)<\/b>, Kornblumenbl\u00fctenbl\u00e4tter, Saflorbl\u00fcten, Aroma<\/p>\n","protected":false},"excerpt":{"rendered":"<p>Zutaten: Apfelst\u00fccke, Hagebuttenschalen, Erdbeer-, Himbeer-, Brombeerbl\u00e4tter, Holunderbeeren, Sonnenblumenbl\u00fctenbl\u00e4tter, Acerolafruchtpulver (Lactose), Kornblumenbl\u00fctenbl\u00e4tter, Saflorbl\u00fcten, Aroma<\/p>\n","protected":false},"featured_media":426,"comment_status":"closed","ping_status":"closed","template":"","meta":[],"product_brand":[],"product_cat":[17],"product_tag":[],"class_list":{"0":"post-392","1":"product","2":"type-product","3":"status-publish","4":"has-post-thumbnail","6":"product_cat-teeliste","8":"first","9":"instock","10":"taxable","11":"shipping-taxable","12":"purchasable","13":"product-type-variable","14":"has-default-attributes"},"_links":{"self":[{"href":"https:\/\/wittmunder-teehus.de\/wp-shop\/wp-json\/wp\/v2\/product\/392","targetHints":{"allow":["GET"]}}],"collection":[{"href":"https:\/\/wittmunder-teehus.de\/wp-shop\/wp-json\/wp\/v2\/product"}],"about":[{"href":"https:\/\/wittmunder-teehus.de\/wp-shop\/wp-json\/wp\/v2\/types\/product"}],"replies":[{"embeddable":true,"href":"https:\/\/wittmunder-teehus.de\/wp-shop\/wp-json\/wp\/v2\/comments?post=392"}],"wp:featuredmedia":[{"embeddable":true,"href":"https:\/\/wittmunder-teehus.de\/wp-shop\/wp-json\/wp\/v2\/media\/426"}],"wp:attachment":[{"href":"https:\/\/wittmunder-teehus.de\/wp-shop\/wp-json\/wp\/v2\/media?parent=392"}],"wp:term":[{"taxonomy":"product_brand","embeddable":true,"href":"https:\/\/wittmunder-teehus.de\/wp-shop\/wp-json\/wp\/v2\/product_brand?post=392"},{"taxonomy":"product_cat","embeddable":true,"href":"https:\/\/wittmunder-teehus.de\/wp-shop\/wp-json\/wp\/v2\/product_cat?post=392"},{"taxonomy":"product_tag","embeddable":true,"href":"https:\/\/wittmunder-teehus.de\/wp-shop\/wp-json\/wp\/v2\/product_tag?post=392"}],"curies":[{"name":"wp","href":"https:\/\/api.w.org\/{rel}","templated":true}]}}