{"id":3880,"date":"2017-08-27T19:10:18","date_gmt":"2017-08-27T17:10:18","guid":{"rendered":"http:\/\/wittmunder-teehus.de\/wp-shop\/?post_type=product&#038;p=3880"},"modified":"2026-03-11T12:55:07","modified_gmt":"2026-03-11T11:55:07","slug":"bellima-wasserfaecher","status":"publish","type":"product","link":"https:\/\/wittmunder-teehus.de\/wp-shop\/produkt\/bellima-wasserfaecher\/","title":{"rendered":"Bellima Wasserf\u00e4cher"},"content":{"rendered":"<p>Bellima Wasserf\u00e4cher<br \/>\nDie Bellima Wasserf\u00e4cher sorgen f\u00fcr klaren und aromatischen Tee auf ganz einfache Art und Weise.<br \/>\nEinfach im Wasserkocher mitkochen und das Wasser wie gewohnt verwenden.<br \/>\n30 Bellima-F\u00e4cher in einer Schub-Schachtel. Einen Belllima-F\u00e4cher einfach im Wasserkocher mitkochen und das Wasser wie gewohnt verwenden. Das ist alles. Ihr Tee bleibt klar und ohne Teehaut und Ihr Wasserkocher bleibt bei dauerhaftem Einsatz von Bellima kalkfrei.<\/p>\n","protected":false},"excerpt":{"rendered":"<p>Bellima Wasserf\u00e4cher Die Bellima Wasserf\u00e4cher sorgen f\u00fcr klaren und aromatischen Tee auf ganz einfache Art und Weise. Einfach im Wasserkocher mitkochen und das Wasser wie gewohnt verwenden. 30 Bellima-F\u00e4cher in einer Schub-Schachtel. Einen Belllima-F\u00e4cher einfach im Wasserkocher mitkochen und das Wasser wie gewohnt verwenden. Das ist alles. Ihr Tee bleibt klar und ohne Teehaut und [&hellip;]<\/p>\n","protected":false},"featured_media":5007,"comment_status":"closed","ping_status":"closed","template":"","meta":[],"product_brand":[],"product_cat":[24],"product_tag":[],"class_list":{"0":"post-3880","1":"product","2":"type-product","3":"status-publish","4":"has-post-thumbnail","6":"product_cat-teezubehoer","8":"first","9":"instock","10":"taxable","11":"shipping-taxable","12":"purchasable","13":"product-type-simple"},"_links":{"self":[{"href":"https:\/\/wittmunder-teehus.de\/wp-shop\/wp-json\/wp\/v2\/product\/3880","targetHints":{"allow":["GET"]}}],"collection":[{"href":"https:\/\/wittmunder-teehus.de\/wp-shop\/wp-json\/wp\/v2\/product"}],"about":[{"href":"https:\/\/wittmunder-teehus.de\/wp-shop\/wp-json\/wp\/v2\/types\/product"}],"replies":[{"embeddable":true,"href":"https:\/\/wittmunder-teehus.de\/wp-shop\/wp-json\/wp\/v2\/comments?post=3880"}],"wp:featuredmedia":[{"embeddable":true,"href":"https:\/\/wittmunder-teehus.de\/wp-shop\/wp-json\/wp\/v2\/media\/5007"}],"wp:attachment":[{"href":"https:\/\/wittmunder-teehus.de\/wp-shop\/wp-json\/wp\/v2\/media?parent=3880"}],"wp:term":[{"taxonomy":"product_brand","embeddable":true,"href":"https:\/\/wittmunder-teehus.de\/wp-shop\/wp-json\/wp\/v2\/product_brand?post=3880"},{"taxonomy":"product_cat","embeddable":true,"href":"https:\/\/wittmunder-teehus.de\/wp-shop\/wp-json\/wp\/v2\/product_cat?post=3880"},{"taxonomy":"product_tag","embeddable":true,"href":"https:\/\/wittmunder-teehus.de\/wp-shop\/wp-json\/wp\/v2\/product_tag?post=3880"}],"curies":[{"name":"wp","href":"https:\/\/api.w.org\/{rel}","templated":true}]}}