{"id":3813,"date":"2017-08-15T21:30:14","date_gmt":"2017-08-15T19:30:14","guid":{"rendered":"http:\/\/wittmunder-teehus.de\/wp-shop\/?post_type=product&#038;p=3813"},"modified":"2026-03-11T12:55:07","modified_gmt":"2026-03-11T11:55:07","slug":"loewenzahn","status":"publish","type":"product","link":"https:\/\/wittmunder-teehus.de\/wp-shop\/produkt\/loewenzahn\/","title":{"rendered":"L\u00f6wenzahn"},"content":{"rendered":"<p>Anwendungsbeispiele: Blutbildend, Blutreinigend, Harntreibend, Bronchitis, Fieber, Fr\u00fchjahrsm\u00fcdigkeit, Verstopfung, H\u00e4morrhoiden, Rheuma, Gicht, Leberschw\u00e4che&#8230;<br \/>\n100g<\/p>\n","protected":false},"excerpt":{"rendered":"<p>Anwendungsbeispiele: Blutbildend, Blutreinigend, Harntreibend, Bronchitis, Fieber, Fr\u00fchjahrsm\u00fcdigkeit, Verstopfung, H\u00e4morrhoiden, Rheuma, Gicht, Leberschw\u00e4che&#8230; 100g<\/p>\n","protected":false},"featured_media":3814,"comment_status":"closed","ping_status":"closed","template":"","meta":[],"product_brand":[],"product_cat":[54],"product_tag":[],"class_list":{"0":"post-3813","1":"product","2":"type-product","3":"status-publish","4":"has-post-thumbnail","6":"product_cat-heil-und-wildkraeuter","8":"first","9":"instock","10":"taxable","11":"shipping-taxable","12":"purchasable","13":"product-type-simple"},"_links":{"self":[{"href":"https:\/\/wittmunder-teehus.de\/wp-shop\/wp-json\/wp\/v2\/product\/3813","targetHints":{"allow":["GET"]}}],"collection":[{"href":"https:\/\/wittmunder-teehus.de\/wp-shop\/wp-json\/wp\/v2\/product"}],"about":[{"href":"https:\/\/wittmunder-teehus.de\/wp-shop\/wp-json\/wp\/v2\/types\/product"}],"replies":[{"embeddable":true,"href":"https:\/\/wittmunder-teehus.de\/wp-shop\/wp-json\/wp\/v2\/comments?post=3813"}],"wp:featuredmedia":[{"embeddable":true,"href":"https:\/\/wittmunder-teehus.de\/wp-shop\/wp-json\/wp\/v2\/media\/3814"}],"wp:attachment":[{"href":"https:\/\/wittmunder-teehus.de\/wp-shop\/wp-json\/wp\/v2\/media?parent=3813"}],"wp:term":[{"taxonomy":"product_brand","embeddable":true,"href":"https:\/\/wittmunder-teehus.de\/wp-shop\/wp-json\/wp\/v2\/product_brand?post=3813"},{"taxonomy":"product_cat","embeddable":true,"href":"https:\/\/wittmunder-teehus.de\/wp-shop\/wp-json\/wp\/v2\/product_cat?post=3813"},{"taxonomy":"product_tag","embeddable":true,"href":"https:\/\/wittmunder-teehus.de\/wp-shop\/wp-json\/wp\/v2\/product_tag?post=3813"}],"curies":[{"name":"wp","href":"https:\/\/api.w.org\/{rel}","templated":true}]}}