{"id":3632,"date":"2017-07-12T20:55:01","date_gmt":"2017-07-12T18:55:01","guid":{"rendered":"http:\/\/wittmunder-teehus.de\/wp-shop\/?post_type=product&#038;p=3632"},"modified":"2026-03-11T12:55:08","modified_gmt":"2026-03-11T11:55:08","slug":"ostfriesische-minzkissen","status":"publish","type":"product","link":"https:\/\/wittmunder-teehus.de\/wp-shop\/produkt\/ostfriesische-minzkissen\/","title":{"rendered":"Ostfriesische Minzkissen"},"content":{"rendered":"<p>Ostfriesische Minzkissen mit nat\u00fcrlichem Pfefferminz\u00f6l, 120g T\u00fcte<br \/>\nZutaten: Zutaten: Zucker, Glukosesirup, Aroma, Minz\u00f6l, Menthol, Chili, Farbstoff E132<\/p>\n<p>Im Durchschnitt je 100g:<br \/>\nEnergie 1625kJ(383kcal), Fett 0g(davon ges\u00e4ttigte Fetts\u00e4uren 0g,<br \/>\nKohlenhydrate 95,5g(davon Zucker 68,5g), Eiwei\u00df 0g, Salz 0g<\/p>\n","protected":false},"excerpt":{"rendered":"<p>Ostfriesische Minzkissen mit nat\u00fcrlichem Pfefferminz\u00f6l, 120g T\u00fcte Zutaten: Zutaten: Zucker, Glukosesirup, Aroma, Minz\u00f6l, Menthol, Chili, Farbstoff E132 Im Durchschnitt je 100g: Energie 1625kJ(383kcal), Fett 0g(davon ges\u00e4ttigte Fetts\u00e4uren 0g, Kohlenhydrate 95,5g(davon Zucker 68,5g), Eiwei\u00df 0g, Salz 0g<\/p>\n","protected":false},"featured_media":3633,"comment_status":"closed","ping_status":"closed","template":"","meta":[],"product_brand":[],"product_cat":[76],"product_tag":[],"class_list":{"0":"post-3632","1":"product","2":"type-product","3":"status-publish","4":"has-post-thumbnail","6":"product_cat-bonbons-kekse-schokolade","8":"first","9":"instock","10":"taxable","11":"shipping-taxable","12":"purchasable","13":"product-type-simple"},"_links":{"self":[{"href":"https:\/\/wittmunder-teehus.de\/wp-shop\/wp-json\/wp\/v2\/product\/3632","targetHints":{"allow":["GET"]}}],"collection":[{"href":"https:\/\/wittmunder-teehus.de\/wp-shop\/wp-json\/wp\/v2\/product"}],"about":[{"href":"https:\/\/wittmunder-teehus.de\/wp-shop\/wp-json\/wp\/v2\/types\/product"}],"replies":[{"embeddable":true,"href":"https:\/\/wittmunder-teehus.de\/wp-shop\/wp-json\/wp\/v2\/comments?post=3632"}],"wp:featuredmedia":[{"embeddable":true,"href":"https:\/\/wittmunder-teehus.de\/wp-shop\/wp-json\/wp\/v2\/media\/3633"}],"wp:attachment":[{"href":"https:\/\/wittmunder-teehus.de\/wp-shop\/wp-json\/wp\/v2\/media?parent=3632"}],"wp:term":[{"taxonomy":"product_brand","embeddable":true,"href":"https:\/\/wittmunder-teehus.de\/wp-shop\/wp-json\/wp\/v2\/product_brand?post=3632"},{"taxonomy":"product_cat","embeddable":true,"href":"https:\/\/wittmunder-teehus.de\/wp-shop\/wp-json\/wp\/v2\/product_cat?post=3632"},{"taxonomy":"product_tag","embeddable":true,"href":"https:\/\/wittmunder-teehus.de\/wp-shop\/wp-json\/wp\/v2\/product_tag?post=3632"}],"curies":[{"name":"wp","href":"https:\/\/api.w.org\/{rel}","templated":true}]}}