{"id":3626,"date":"2017-07-12T20:24:44","date_gmt":"2017-07-12T18:24:44","guid":{"rendered":"http:\/\/wittmunder-teehus.de\/wp-shop\/?post_type=product&#038;p=3626"},"modified":"2026-03-11T12:55:08","modified_gmt":"2026-03-11T11:55:08","slug":"teekorb-honig-zum-tee","status":"publish","type":"product","link":"https:\/\/wittmunder-teehus.de\/wp-shop\/produkt\/teekorb-honig-zum-tee\/","title":{"rendered":"Teekorb Honig zum Tee"},"content":{"rendered":"<p>Teegeschenkkorb mit:<br \/>\n125g Sanddorn im Honig, 50g Akazienhonig, 100g Bunter Zucker, 50g Friesischer Kapit\u00e4nstee,<br \/>\n120g Ostfriesische Minzecken, 210g Sanddorn Konfit\u00fcre, 50g Ostfriesische Mischung,<br \/>\n150g W\u00fcrfelkandis, 100g Echter Ostfriesischer Sonntagstee und 40ml Echter<br \/>\nOstfriesischer Teelik\u00f6r. Korb mit Handgefertigter Schleife.<\/p>\n<p><em><strong>Alle<\/strong> Geschenke werden nat\u00fcrlich von uns zusammengestellt und mit unseren im<br \/>\nTeeladen erh\u00e4ltlichen Produkten gepackt. <\/em><\/p>\n","protected":false},"excerpt":{"rendered":"<p>Teegeschenkkorb mit: 125g Sanddorn im Honig, 50g Akazienhonig, 100g Bunter Zucker, 50g Friesischer Kapit\u00e4nstee, 120g Ostfriesische Minzecken, 210g Sanddorn Konfit\u00fcre, 50g Ostfriesische Mischung, 150g W\u00fcrfelkandis, 100g Echter Ostfriesischer Sonntagstee und 40ml Echter Ostfriesischer Teelik\u00f6r. Korb mit Handgefertigter Schleife. Alle Geschenke werden nat\u00fcrlich von uns zusammengestellt und mit unseren im Teeladen erh\u00e4ltlichen Produkten gepackt.<\/p>\n","protected":false},"featured_media":3627,"comment_status":"closed","ping_status":"closed","template":"","meta":[],"product_brand":[],"product_cat":[133],"product_tag":[],"class_list":{"0":"post-3626","1":"product","2":"type-product","3":"status-publish","4":"has-post-thumbnail","6":"product_cat-teegeschenke","8":"first","9":"instock","10":"taxable","11":"shipping-taxable","12":"purchasable","13":"product-type-simple"},"_links":{"self":[{"href":"https:\/\/wittmunder-teehus.de\/wp-shop\/wp-json\/wp\/v2\/product\/3626","targetHints":{"allow":["GET"]}}],"collection":[{"href":"https:\/\/wittmunder-teehus.de\/wp-shop\/wp-json\/wp\/v2\/product"}],"about":[{"href":"https:\/\/wittmunder-teehus.de\/wp-shop\/wp-json\/wp\/v2\/types\/product"}],"replies":[{"embeddable":true,"href":"https:\/\/wittmunder-teehus.de\/wp-shop\/wp-json\/wp\/v2\/comments?post=3626"}],"wp:featuredmedia":[{"embeddable":true,"href":"https:\/\/wittmunder-teehus.de\/wp-shop\/wp-json\/wp\/v2\/media\/3627"}],"wp:attachment":[{"href":"https:\/\/wittmunder-teehus.de\/wp-shop\/wp-json\/wp\/v2\/media?parent=3626"}],"wp:term":[{"taxonomy":"product_brand","embeddable":true,"href":"https:\/\/wittmunder-teehus.de\/wp-shop\/wp-json\/wp\/v2\/product_brand?post=3626"},{"taxonomy":"product_cat","embeddable":true,"href":"https:\/\/wittmunder-teehus.de\/wp-shop\/wp-json\/wp\/v2\/product_cat?post=3626"},{"taxonomy":"product_tag","embeddable":true,"href":"https:\/\/wittmunder-teehus.de\/wp-shop\/wp-json\/wp\/v2\/product_tag?post=3626"}],"curies":[{"name":"wp","href":"https:\/\/api.w.org\/{rel}","templated":true}]}}