{"id":3514,"date":"2017-06-05T13:27:07","date_gmt":"2017-06-05T11:27:07","guid":{"rendered":"http:\/\/wittmunder-teehus.de\/wp-shop\/?post_type=product&#038;p=3514"},"modified":"2026-03-11T12:55:09","modified_gmt":"2026-03-11T11:55:09","slug":"teekorb-ostfriesische-mischung","status":"publish","type":"product","link":"https:\/\/wittmunder-teehus.de\/wp-shop\/produkt\/teekorb-ostfriesische-mischung\/","title":{"rendered":"Teekorb Ostfriesische Mischung"},"content":{"rendered":"<p>Teegeschenkkorb mit:<br \/>\n100g Ostfriesische Mischung, 150g Sanddorn-Waffeln, 50g Honig,<br \/>\n250g Ostfriesischer Rumkluntje braun, 50g Fr\u00fcchtetee, 1 T\u00fcte Bonbons,<br \/>\n2 Tr\u00fcffelpralinen und 6 Echte Ostfriesische Teebonbons.<br \/>\nKorb mit Handgefertigter Schleife.<\/p>\n<p><em><strong>Alle<\/strong> Geschenke werden nat\u00fcrlich von uns zusammengestellt und mit unseren im<br \/>\nTeeladen erh\u00e4ltlichen Produkten gepackt. <\/em><\/p>\n","protected":false},"excerpt":{"rendered":"<p>Teegeschenkkorb mit: 100g Ostfriesische Mischung, 150g Sanddorn-Waffeln, 50g Honig, 250g Ostfriesischer Rumkluntje braun, 50g Fr\u00fcchtetee, 1 T\u00fcte Bonbons, 2 Tr\u00fcffelpralinen und 6 Echte Ostfriesische Teebonbons. Korb mit Handgefertigter Schleife. Alle Geschenke werden nat\u00fcrlich von uns zusammengestellt und mit unseren im Teeladen erh\u00e4ltlichen Produkten gepackt.<\/p>\n","protected":false},"featured_media":3515,"comment_status":"closed","ping_status":"closed","template":"","meta":[],"product_brand":[],"product_cat":[133],"product_tag":[],"class_list":{"0":"post-3514","1":"product","2":"type-product","3":"status-publish","4":"has-post-thumbnail","6":"product_cat-teegeschenke","8":"first","9":"instock","10":"taxable","11":"shipping-taxable","12":"purchasable","13":"product-type-simple"},"_links":{"self":[{"href":"https:\/\/wittmunder-teehus.de\/wp-shop\/wp-json\/wp\/v2\/product\/3514","targetHints":{"allow":["GET"]}}],"collection":[{"href":"https:\/\/wittmunder-teehus.de\/wp-shop\/wp-json\/wp\/v2\/product"}],"about":[{"href":"https:\/\/wittmunder-teehus.de\/wp-shop\/wp-json\/wp\/v2\/types\/product"}],"replies":[{"embeddable":true,"href":"https:\/\/wittmunder-teehus.de\/wp-shop\/wp-json\/wp\/v2\/comments?post=3514"}],"wp:featuredmedia":[{"embeddable":true,"href":"https:\/\/wittmunder-teehus.de\/wp-shop\/wp-json\/wp\/v2\/media\/3515"}],"wp:attachment":[{"href":"https:\/\/wittmunder-teehus.de\/wp-shop\/wp-json\/wp\/v2\/media?parent=3514"}],"wp:term":[{"taxonomy":"product_brand","embeddable":true,"href":"https:\/\/wittmunder-teehus.de\/wp-shop\/wp-json\/wp\/v2\/product_brand?post=3514"},{"taxonomy":"product_cat","embeddable":true,"href":"https:\/\/wittmunder-teehus.de\/wp-shop\/wp-json\/wp\/v2\/product_cat?post=3514"},{"taxonomy":"product_tag","embeddable":true,"href":"https:\/\/wittmunder-teehus.de\/wp-shop\/wp-json\/wp\/v2\/product_tag?post=3514"}],"curies":[{"name":"wp","href":"https:\/\/api.w.org\/{rel}","templated":true}]}}