{"id":3439,"date":"2017-05-05T20:50:56","date_gmt":"2017-05-05T18:50:56","guid":{"rendered":"http:\/\/wittmunder-teehus.de\/wp-shop\/?post_type=product&#038;p=3439"},"modified":"2026-03-11T12:55:09","modified_gmt":"2026-03-11T11:55:09","slug":"teekorb-wittmunder-pfund","status":"publish","type":"product","link":"https:\/\/wittmunder-teehus.de\/wp-shop\/produkt\/teekorb-wittmunder-pfund\/","title":{"rendered":"Teekorb Wittmunder Pfund"},"content":{"rendered":"<p>Teegeschenkkorb mit:<br \/>\n100g Wittmunder Pfund, 50g Friesischer Kapit\u00e4nstee, 100g Sanddornmarmelade,<br \/>\n120g Ostfriesische Minzecken, 150g W\u00fcrfelkandis, 40ml Wittmunder Kr\u00e4uterschluck,<br \/>\n150g Sanddornwaffeln, Moin Happen.<br \/>\nKorb mit Handgefertigter Schleife.<br \/>\n<strong>Alle<\/strong> <em>Geschenke werden nat\u00fcrlich von uns zusammengestellt und mit unseren im<br \/>\nTeeladen erh\u00e4ltlichen Produkten gepackt. <\/em><\/p>\n","protected":false},"excerpt":{"rendered":"<p>Teegeschenkkorb mit: 100g Wittmunder Pfund, 50g Friesischer Kapit\u00e4nstee, 100g Sanddornmarmelade, 120g Ostfriesische Minzecken, 150g W\u00fcrfelkandis, 40ml Wittmunder Kr\u00e4uterschluck, 150g Sanddornwaffeln, Moin Happen. Korb mit Handgefertigter Schleife. Alle Geschenke werden nat\u00fcrlich von uns zusammengestellt und mit unseren im Teeladen erh\u00e4ltlichen Produkten gepackt.<\/p>\n","protected":false},"featured_media":3440,"comment_status":"closed","ping_status":"closed","template":"","meta":[],"product_brand":[],"product_cat":[76,49,133],"product_tag":[],"class_list":{"0":"post-3439","1":"product","2":"type-product","3":"status-publish","4":"has-post-thumbnail","6":"product_cat-bonbons-kekse-schokolade","7":"product_cat-ostfriesische-teemischungen","8":"product_cat-teegeschenke","10":"first","11":"instock","12":"taxable","13":"shipping-taxable","14":"purchasable","15":"product-type-simple"},"_links":{"self":[{"href":"https:\/\/wittmunder-teehus.de\/wp-shop\/wp-json\/wp\/v2\/product\/3439","targetHints":{"allow":["GET"]}}],"collection":[{"href":"https:\/\/wittmunder-teehus.de\/wp-shop\/wp-json\/wp\/v2\/product"}],"about":[{"href":"https:\/\/wittmunder-teehus.de\/wp-shop\/wp-json\/wp\/v2\/types\/product"}],"replies":[{"embeddable":true,"href":"https:\/\/wittmunder-teehus.de\/wp-shop\/wp-json\/wp\/v2\/comments?post=3439"}],"wp:featuredmedia":[{"embeddable":true,"href":"https:\/\/wittmunder-teehus.de\/wp-shop\/wp-json\/wp\/v2\/media\/3440"}],"wp:attachment":[{"href":"https:\/\/wittmunder-teehus.de\/wp-shop\/wp-json\/wp\/v2\/media?parent=3439"}],"wp:term":[{"taxonomy":"product_brand","embeddable":true,"href":"https:\/\/wittmunder-teehus.de\/wp-shop\/wp-json\/wp\/v2\/product_brand?post=3439"},{"taxonomy":"product_cat","embeddable":true,"href":"https:\/\/wittmunder-teehus.de\/wp-shop\/wp-json\/wp\/v2\/product_cat?post=3439"},{"taxonomy":"product_tag","embeddable":true,"href":"https:\/\/wittmunder-teehus.de\/wp-shop\/wp-json\/wp\/v2\/product_tag?post=3439"}],"curies":[{"name":"wp","href":"https:\/\/api.w.org\/{rel}","templated":true}]}}